{"id":1258,"date":"2023-05-25T11:43:30","date_gmt":"2023-05-25T11:43:30","guid":{"rendered":"https:\/\/projetoreconecta.com\/index-2\/"},"modified":"2023-05-25T11:49:37","modified_gmt":"2023-05-25T11:49:37","slug":"index-2","status":"publish","type":"page","link":"https:\/\/projetoreconecta.com\/pt-br\/","title":{"rendered":"Index 2"},"content":{"rendered":"\t\t<div data-elementor-type=\"wp-page\" data-elementor-id=\"1258\" class=\"elementor elementor-1258\" data-elementor-post-type=\"page\">\n\t\t\t\t\t\t\t<div class=\"elementor-element elementor-element-059f1ba e-con-full e-flex e-con\" data-id=\"059f1ba\" data-element_type=\"container\" data-settings=\"{&quot;content_width&quot;:&quot;full&quot;,&quot;background_background&quot;:&quot;classic&quot;}\">\n\t\t\t\t<div class=\"elementor-element elementor-element-74540e2 elementor-widget elementor-widget-image\" data-id=\"74540e2\" data-element_type=\"widget\" data-widget_type=\"image.default\">\n\t\t\t\t<div class=\"elementor-widget-container\">\n\t\t\t<style>\/*! elementor - v3.15.0 - 20-08-2023 *\/\n.elementor-widget-image{text-align:center}.elementor-widget-image a{display:inline-block}.elementor-widget-image a img[src$=\".svg\"]{width:48px}.elementor-widget-image img{vertical-align:middle;display:inline-block}<\/style>\t\t\t\t\t\t\t\t\t\t\t\t<img decoding=\"async\" width=\"800\" height=\"450\" src=\"https:\/\/projetoreconecta.com\/wp-content\/uploads\/2023\/05\/Colorido-positivo-1024x576.png\" class=\"attachment-large size-large wp-image-17\" alt=\"\" loading=\"lazy\" srcset=\"https:\/\/projetoreconecta.com\/wp-content\/uploads\/2023\/05\/Colorido-positivo-1024x576.png 1024w, https:\/\/projetoreconecta.com\/wp-content\/uploads\/2023\/05\/Colorido-positivo-300x169.png 300w, https:\/\/projetoreconecta.com\/wp-content\/uploads\/2023\/05\/Colorido-positivo-768x432.png 768w, https:\/\/projetoreconecta.com\/wp-content\/uploads\/2023\/05\/Colorido-positivo-1536x864.png 1536w, https:\/\/projetoreconecta.com\/wp-content\/uploads\/2023\/05\/Colorido-positivo.png 1920w\" sizes=\"(max-width: 800px) 100vw, 800px\" \/>\t\t\t\t\t\t\t\t\t\t\t\t\t\t\t<\/div>\n\t\t\t\t<\/div>\n\t\t\t\t<div class=\"elementor-element elementor-element-3cebcc9 elementor-widget__width-initial elementor-widget-mobile__width-inherit elementor-widget elementor-widget-text-editor\" data-id=\"3cebcc9\" data-element_type=\"widget\" data-widget_type=\"text-editor.default\">\n\t\t\t\t<div class=\"elementor-widget-container\">\n\t\t\t<style>\/*! elementor - v3.15.0 - 20-08-2023 *\/\n.elementor-widget-text-editor.elementor-drop-cap-view-stacked .elementor-drop-cap{background-color:#69727d;color:#fff}.elementor-widget-text-editor.elementor-drop-cap-view-framed .elementor-drop-cap{color:#69727d;border:3px solid;background-color:transparent}.elementor-widget-text-editor:not(.elementor-drop-cap-view-default) .elementor-drop-cap{margin-top:8px}.elementor-widget-text-editor:not(.elementor-drop-cap-view-default) .elementor-drop-cap-letter{width:1em;height:1em}.elementor-widget-text-editor .elementor-drop-cap{float:left;text-align:center;line-height:1;font-size:50px}.elementor-widget-text-editor .elementor-drop-cap-letter{display:inline-block}<\/style>\t\t\t\t<p><span style=\"font-weight: 400;\">Construindo pontes para a conserva\u00e7\u00e3o da fauna arbor\u00edcola da Amaz\u00f4nia<\/span><\/p>\t\t\t\t\t\t<\/div>\n\t\t\t\t<\/div>\n\t\t\t\t<\/div>\n\t\t<div class=\"elementor-element elementor-element-7dae3d0 e-flex e-con-boxed e-con\" data-id=\"7dae3d0\" data-element_type=\"container\" data-settings=\"{&quot;content_width&quot;:&quot;boxed&quot;}\">\n\t\t\t\t\t<div class=\"e-con-inner\">\n\t\t\t\t<div class=\"elementor-element elementor-element-83561c7 elementor-widget__width-inherit elementor-widget-mobile__width-inherit elementor-widget elementor-widget-text-editor\" data-id=\"83561c7\" data-element_type=\"widget\" data-widget_type=\"text-editor.default\">\n\t\t\t\t<div class=\"elementor-widget-container\">\n\t\t\t\t\t\t\t<p>Seja bem-vindo (a) ao projeto Reconecta!<br \/>Este \u00e9 um Projeto de Conserva\u00e7\u00e3o de fauna aplicada no cora\u00e7\u00e3o da Floresta Amaz\u00f4nica!<\/p>\t\t\t\t\t\t<\/div>\n\t\t\t\t<\/div>\n\t\t\t\t<div class=\"elementor-element elementor-element-6c86a52 elementor-widget__width-inherit elementor-widget-mobile__width-inherit elementor-widget elementor-widget-text-editor\" data-id=\"6c86a52\" data-element_type=\"widget\" data-widget_type=\"text-editor.default\">\n\t\t\t\t<div class=\"elementor-widget-container\">\n\t\t\t\t\t\t\t<p>O Bioma Amaz\u00f4nico est\u00e1 passando por uma r\u00e1pida expans\u00e3o rodovi\u00e1ria e devemos criar solu\u00e7\u00f5es inteligentes, exequ\u00edveis e escal\u00e1veis para reduzir os impactos destes empreendimentos causados \u00e0 fauna silvestre.<\/p><p>A fauna arbor\u00edcola \u00e9 especialmente impactada pelas rodovias por dois motivos principais:<\/p>\t\t\t\t\t\t<\/div>\n\t\t\t\t<\/div>\n\t\t<div class=\"elementor-element elementor-element-7155393 e-flex e-con-boxed e-con\" data-id=\"7155393\" data-element_type=\"container\" data-settings=\"{&quot;content_width&quot;:&quot;boxed&quot;}\">\n\t\t\t\t\t<div class=\"e-con-inner\">\n\t\t\t\t<div class=\"elementor-element elementor-element-3c3ac24 elementor-position-left elementor-vertical-align-middle elementor-widget__width-initial elementor-view-default elementor-mobile-position-top elementor-widget elementor-widget-icon-box\" data-id=\"3c3ac24\" data-element_type=\"widget\" data-widget_type=\"icon-box.default\">\n\t\t\t\t<div class=\"elementor-widget-container\">\n\t\t\t<link rel=\"stylesheet\" href=\"https:\/\/projetoreconecta.com\/wp-content\/plugins\/elementor\/assets\/css\/widget-icon-box.min.css\">\t\t<div class=\"elementor-icon-box-wrapper\">\n\t\t\t\t\t\t<div class=\"elementor-icon-box-icon\">\n\t\t\t\t<span class=\"elementor-icon elementor-animation-\" >\n\t\t\t\t<i aria-hidden=\"true\" class=\"fas fa-car-crash\"><\/i>\t\t\t\t<\/span>\n\t\t\t<\/div>\n\t\t\t\t\t\t<div class=\"elementor-icon-box-content\">\n\t\t\t\t<h3 class=\"elementor-icon-box-title\">\n\t\t\t\t\t<span  >\n\t\t\t\t\t\tQuando os animais descem das \u00e1rvores e tentam atravessar as rodovias ficam suscet\u00edveis aos atropelamentos,\t\t\t\t\t<\/span>\n\t\t\t\t<\/h3>\n\t\t\t\t\t\t\t<\/div>\n\t\t<\/div>\n\t\t\t\t<\/div>\n\t\t\t\t<\/div>\n\t\t\t\t<div class=\"elementor-element elementor-element-d047133 elementor-position-left elementor-vertical-align-middle elementor-widget__width-initial elementor-view-default elementor-mobile-position-top elementor-widget elementor-widget-icon-box\" data-id=\"d047133\" data-element_type=\"widget\" data-widget_type=\"icon-box.default\">\n\t\t\t\t<div class=\"elementor-widget-container\">\n\t\t\t\t\t<div class=\"elementor-icon-box-wrapper\">\n\t\t\t\t\t\t<div class=\"elementor-icon-box-icon\">\n\t\t\t\t<span class=\"elementor-icon elementor-animation-\" >\n\t\t\t\t<i aria-hidden=\"true\" class=\"fas fa-street-view\"><\/i>\t\t\t\t<\/span>\n\t\t\t<\/div>\n\t\t\t\t\t\t<div class=\"elementor-icon-box-content\">\n\t\t\t\t<h3 class=\"elementor-icon-box-title\">\n\t\t\t\t\t<span  >\n\t\t\t\t\t\tAs esp\u00e9cies que s\u00e3o estritamente arbor\u00edcolas evitam descer das \u00e1rvores, n\u00e3o atravessam as rodovias e sofrem com o efeito barreira.\t\t\t\t\t<\/span>\n\t\t\t\t<\/h3>\n\t\t\t\t\t\t\t<\/div>\n\t\t<\/div>\n\t\t\t\t<\/div>\n\t\t\t\t<\/div>\n\t\t\t\t\t<\/div>\n\t\t\t\t<\/div>\n\t\t\t\t<div class=\"elementor-element elementor-element-27b8079 elementor-widget__width-inherit elementor-widget-mobile__width-inherit elementor-widget elementor-widget-text-editor\" data-id=\"27b8079\" data-element_type=\"widget\" data-widget_type=\"text-editor.default\">\n\t\t\t\t<div class=\"elementor-widget-container\">\n\t\t\t\t\t\t\t<p>N\u00f3s queremos RECONECTAR a Floresta Amaz\u00f4nica! N\u00f3s queremos criar uma solu\u00e7\u00e3o a este problema e, desta forma estamos fazendo um monitoramento de fauna atropelada in\u00e9dito na Amaz\u00f4nia e j\u00e1 implementamos 30 passagens de dossel na rodovia BR-174 junto ao Smithsonian Institution, Povo Ind\u00edgena Waimiri-Atroari, UFAM, DNIT, e tantos outros parceiros e apoiadores t\u00e3o especiais, do Brasil e do mundo!<\/p><p>Com essas pontes n\u00f3s vamos entender quais esp\u00e9cies arbor\u00edcolas s\u00e3o beneficiadas, quais tipos locomotores tem prefer\u00eancias por designs de pontes espec\u00edficos, e se as pontes t\u00eam o potencial para restaurar a conectividade da floresta cortada pela rodovia e reduzir mortalidade por atropelamento.<\/p><p>O Reconecta \u00e9 hoje uma forte iniciativa de conserva\u00e7\u00e3o baseada em ci\u00eancia com pontes de dossel do Brasil! E com muito orgulho fazemos isso utilizando tecnologias e metodologias de ponta aliadas ao conhecimento tradicional ind\u00edgena!<\/p>\t\t\t\t\t\t<\/div>\n\t\t\t\t<\/div>\n\t\t\t\t<div class=\"elementor-element elementor-element-5f79175 elementor-widget__width-initial elementor-widget-mobile__width-inherit elementor-widget elementor-widget-text-editor\" data-id=\"5f79175\" data-element_type=\"widget\" data-widget_type=\"text-editor.default\">\n\t\t\t\t<div class=\"elementor-widget-container\">\n\t\t\t\t\t\t\tA nossa miss\u00e3o \u00e9 criar um novo conceito de sustentabilidade para a infraestrutura rodovi\u00e1ria, promover a ci\u00eancia e a pesquisa no Brasil e apoiar os povos origin\u00e1rio da Amaz\u00f4nia!\n\t\t\t\t\t\t<\/div>\n\t\t\t\t<\/div>\n\t\t\t\t<div class=\"elementor-element elementor-element-1be17ac elementor-widget__width-inherit elementor-widget-mobile__width-inherit elementor-widget elementor-widget-text-editor\" data-id=\"1be17ac\" data-element_type=\"widget\" data-widget_type=\"text-editor.default\">\n\t\t\t\t<div class=\"elementor-widget-container\">\n\t\t\t\t\t\t\t<p>Vamos com tudo!<br \/><em>Fernanda Abra<\/em><\/p>\t\t\t\t\t\t<\/div>\n\t\t\t\t<\/div>\n\t\t\t\t\t<\/div>\n\t\t\t\t<\/div>\n\t\t<div class=\"elementor-element elementor-element-539ede7 e-con-full e-flex e-con\" data-id=\"539ede7\" data-element_type=\"container\" data-settings=\"{&quot;content_width&quot;:&quot;full&quot;}\">\n\t\t\t\t<div class=\"elementor-element elementor-element-ad6309d elementor-pagination-position-inside carosel elementor-widget elementor-widget-image-carousel\" data-id=\"ad6309d\" data-element_type=\"widget\" data-settings=\"{&quot;slides_to_show&quot;:&quot;5&quot;,&quot;slides_to_scroll&quot;:&quot;1&quot;,&quot;navigation&quot;:&quot;dots&quot;,&quot;pause_on_hover&quot;:&quot;no&quot;,&quot;pause_on_interaction&quot;:&quot;no&quot;,&quot;autoplay_speed&quot;:0,&quot;speed&quot;:8000,&quot;image_spacing_custom&quot;:{&quot;unit&quot;:&quot;px&quot;,&quot;size&quot;:0,&quot;sizes&quot;:[]},&quot;autoplay&quot;:&quot;yes&quot;,&quot;infinite&quot;:&quot;yes&quot;,&quot;image_spacing_custom_tablet&quot;:{&quot;unit&quot;:&quot;px&quot;,&quot;size&quot;:&quot;&quot;,&quot;sizes&quot;:[]},&quot;image_spacing_custom_mobile&quot;:{&quot;unit&quot;:&quot;px&quot;,&quot;size&quot;:&quot;&quot;,&quot;sizes&quot;:[]}}\" data-widget_type=\"image-carousel.default\">\n\t\t\t\t<div class=\"elementor-widget-container\">\n\t\t\t<style>\/*! elementor - v3.15.0 - 20-08-2023 *\/\n.elementor-widget-image-carousel .swiper,.elementor-widget-image-carousel .swiper-container{position:static}.elementor-widget-image-carousel .swiper-container .swiper-slide figure,.elementor-widget-image-carousel .swiper .swiper-slide figure{line-height:inherit}.elementor-widget-image-carousel .swiper-slide{text-align:center}.elementor-image-carousel-wrapper:not(.swiper-container-initialized):not(.swiper-initialized) .swiper-slide{max-width:calc(100% \/ var(--e-image-carousel-slides-to-show, 3))}<\/style>\t\t<div class=\"elementor-image-carousel-wrapper swiper\" dir=\"ltr\">\n\t\t\t<div class=\"elementor-image-carousel swiper-wrapper\" aria-live=\"off\">\n\t\t\t\t\t\t\t\t<div class=\"swiper-slide\" role=\"group\" aria-roledescription=\"slide\" aria-label=\"1 of 7\"><a data-elementor-open-lightbox=\"yes\" data-elementor-lightbox-slideshow=\"ad6309d\" data-elementor-lightbox-title=\"2\" data-e-action-hash=\"#elementor-action%3Aaction%3Dlightbox%26settings%3DeyJpZCI6MjQsInVybCI6Imh0dHBzOlwvXC9wcm9qZXRvcmVjb25lY3RhLmNvbVwvd3AtY29udGVudFwvdXBsb2Fkc1wvMjAyM1wvMDVcLzIud2VicCIsInNsaWRlc2hvdyI6ImFkNjMwOWQifQ%3D%3D\" href=\"https:\/\/projetoreconecta.com\/wp-content\/uploads\/2023\/05\/2.webp\"><figure class=\"swiper-slide-inner\"><img decoding=\"async\" class=\"swiper-slide-image\" src=\"https:\/\/projetoreconecta.com\/wp-content\/uploads\/2023\/05\/2.webp\" alt=\"2\" \/><\/figure><\/a><\/div><div class=\"swiper-slide\" role=\"group\" aria-roledescription=\"slide\" aria-label=\"2 of 7\"><a data-elementor-open-lightbox=\"yes\" data-elementor-lightbox-slideshow=\"ad6309d\" data-elementor-lightbox-title=\"4\" data-e-action-hash=\"#elementor-action%3Aaction%3Dlightbox%26settings%3DeyJpZCI6MjIsInVybCI6Imh0dHBzOlwvXC9wcm9qZXRvcmVjb25lY3RhLmNvbVwvd3AtY29udGVudFwvdXBsb2Fkc1wvMjAyM1wvMDVcLzQud2VicCIsInNsaWRlc2hvdyI6ImFkNjMwOWQifQ%3D%3D\" href=\"https:\/\/projetoreconecta.com\/wp-content\/uploads\/2023\/05\/4.webp\"><figure class=\"swiper-slide-inner\"><img decoding=\"async\" class=\"swiper-slide-image\" src=\"https:\/\/projetoreconecta.com\/wp-content\/uploads\/2023\/05\/4.webp\" alt=\"4\" \/><\/figure><\/a><\/div><div class=\"swiper-slide\" role=\"group\" aria-roledescription=\"slide\" aria-label=\"3 of 7\"><a data-elementor-open-lightbox=\"yes\" data-elementor-lightbox-slideshow=\"ad6309d\" data-elementor-lightbox-title=\"6\" data-e-action-hash=\"#elementor-action%3Aaction%3Dlightbox%26settings%3DeyJpZCI6MjAsInVybCI6Imh0dHBzOlwvXC9wcm9qZXRvcmVjb25lY3RhLmNvbVwvd3AtY29udGVudFwvdXBsb2Fkc1wvMjAyM1wvMDVcLzYud2VicCIsInNsaWRlc2hvdyI6ImFkNjMwOWQifQ%3D%3D\" href=\"https:\/\/projetoreconecta.com\/wp-content\/uploads\/2023\/05\/6.webp\"><figure class=\"swiper-slide-inner\"><img decoding=\"async\" class=\"swiper-slide-image\" src=\"https:\/\/projetoreconecta.com\/wp-content\/uploads\/2023\/05\/6.webp\" alt=\"6\" \/><\/figure><\/a><\/div><div class=\"swiper-slide\" role=\"group\" aria-roledescription=\"slide\" aria-label=\"4 of 7\"><a data-elementor-open-lightbox=\"yes\" data-elementor-lightbox-slideshow=\"ad6309d\" data-elementor-lightbox-title=\"1\" data-e-action-hash=\"#elementor-action%3Aaction%3Dlightbox%26settings%3DeyJpZCI6MjUsInVybCI6Imh0dHBzOlwvXC9wcm9qZXRvcmVjb25lY3RhLmNvbVwvd3AtY29udGVudFwvdXBsb2Fkc1wvMjAyM1wvMDVcLzEud2VicCIsInNsaWRlc2hvdyI6ImFkNjMwOWQifQ%3D%3D\" href=\"https:\/\/projetoreconecta.com\/wp-content\/uploads\/2023\/05\/1.webp\"><figure class=\"swiper-slide-inner\"><img decoding=\"async\" class=\"swiper-slide-image\" src=\"https:\/\/projetoreconecta.com\/wp-content\/uploads\/2023\/05\/1.webp\" alt=\"1\" \/><\/figure><\/a><\/div><div class=\"swiper-slide\" role=\"group\" aria-roledescription=\"slide\" aria-label=\"5 of 7\"><a data-elementor-open-lightbox=\"yes\" data-elementor-lightbox-slideshow=\"ad6309d\" data-elementor-lightbox-title=\"5\" data-e-action-hash=\"#elementor-action%3Aaction%3Dlightbox%26settings%3DeyJpZCI6MjEsInVybCI6Imh0dHBzOlwvXC9wcm9qZXRvcmVjb25lY3RhLmNvbVwvd3AtY29udGVudFwvdXBsb2Fkc1wvMjAyM1wvMDVcLzUud2VicCIsInNsaWRlc2hvdyI6ImFkNjMwOWQifQ%3D%3D\" href=\"https:\/\/projetoreconecta.com\/wp-content\/uploads\/2023\/05\/5.webp\"><figure class=\"swiper-slide-inner\"><img decoding=\"async\" class=\"swiper-slide-image\" src=\"https:\/\/projetoreconecta.com\/wp-content\/uploads\/2023\/05\/5.webp\" alt=\"5\" \/><\/figure><\/a><\/div><div class=\"swiper-slide\" role=\"group\" aria-roledescription=\"slide\" aria-label=\"6 of 7\"><a data-elementor-open-lightbox=\"yes\" data-elementor-lightbox-slideshow=\"ad6309d\" data-elementor-lightbox-title=\"8\" data-e-action-hash=\"#elementor-action%3Aaction%3Dlightbox%26settings%3DeyJpZCI6MTgsInVybCI6Imh0dHBzOlwvXC9wcm9qZXRvcmVjb25lY3RhLmNvbVwvd3AtY29udGVudFwvdXBsb2Fkc1wvMjAyM1wvMDVcLzgud2VicCIsInNsaWRlc2hvdyI6ImFkNjMwOWQifQ%3D%3D\" href=\"https:\/\/projetoreconecta.com\/wp-content\/uploads\/2023\/05\/8.webp\"><figure class=\"swiper-slide-inner\"><img decoding=\"async\" class=\"swiper-slide-image\" src=\"https:\/\/projetoreconecta.com\/wp-content\/uploads\/2023\/05\/8.webp\" alt=\"8\" \/><\/figure><\/a><\/div><div class=\"swiper-slide\" role=\"group\" aria-roledescription=\"slide\" aria-label=\"7 of 7\"><a data-elementor-open-lightbox=\"yes\" data-elementor-lightbox-slideshow=\"ad6309d\" data-elementor-lightbox-title=\"3\" data-e-action-hash=\"#elementor-action%3Aaction%3Dlightbox%26settings%3DeyJpZCI6MjMsInVybCI6Imh0dHBzOlwvXC9wcm9qZXRvcmVjb25lY3RhLmNvbVwvd3AtY29udGVudFwvdXBsb2Fkc1wvMjAyM1wvMDVcLzMud2VicCIsInNsaWRlc2hvdyI6ImFkNjMwOWQifQ%3D%3D\" href=\"https:\/\/projetoreconecta.com\/wp-content\/uploads\/2023\/05\/3.webp\"><figure class=\"swiper-slide-inner\"><img decoding=\"async\" class=\"swiper-slide-image\" src=\"https:\/\/projetoreconecta.com\/wp-content\/uploads\/2023\/05\/3.webp\" alt=\"3\" \/><\/figure><\/a><\/div>\t\t\t<\/div>\n\t\t\t\t\t\t\t\n\t\t\t\t\t\t\t\t\t<div class=\"swiper-pagination\"><\/div>\n\t\t\t\t\t\t\t\t\t<\/div>\n\t\t\t\t<\/div>\n\t\t\t\t<\/div>\n\t\t\t\t<\/div>\n\t\t\t\t\t\t\t<\/div>\n\t\t","protected":false},"excerpt":{"rendered":"<p>Construindo pontes para a conserva\u00e7\u00e3o da fauna arbor\u00edcola da Amaz\u00f4nia Seja bem-vindo (a) ao projeto Reconecta!Este \u00e9 um Projeto de Conserva\u00e7\u00e3o de fauna aplicada no cora\u00e7\u00e3o da Floresta Amaz\u00f4nica! O Bioma Amaz\u00f4nico est\u00e1 passando por uma r\u00e1pida expans\u00e3o rodovi\u00e1ria e devemos criar solu\u00e7\u00f5es inteligentes, exequ\u00edveis e escal\u00e1veis para reduzir os impactos destes empreendimentos causados \u00e0 [&hellip;]<\/p>\n","protected":false},"author":1,"featured_media":0,"parent":0,"menu_order":0,"comment_status":"closed","ping_status":"closed","template":"","meta":[],"_links":{"self":[{"href":"https:\/\/projetoreconecta.com\/pt-br\/wp-json\/wp\/v2\/pages\/1258"}],"collection":[{"href":"https:\/\/projetoreconecta.com\/pt-br\/wp-json\/wp\/v2\/pages"}],"about":[{"href":"https:\/\/projetoreconecta.com\/pt-br\/wp-json\/wp\/v2\/types\/page"}],"author":[{"embeddable":true,"href":"https:\/\/projetoreconecta.com\/pt-br\/wp-json\/wp\/v2\/users\/1"}],"replies":[{"embeddable":true,"href":"https:\/\/projetoreconecta.com\/pt-br\/wp-json\/wp\/v2\/comments?post=1258"}],"version-history":[{"count":3,"href":"https:\/\/projetoreconecta.com\/pt-br\/wp-json\/wp\/v2\/pages\/1258\/revisions"}],"predecessor-version":[{"id":1261,"href":"https:\/\/projetoreconecta.com\/pt-br\/wp-json\/wp\/v2\/pages\/1258\/revisions\/1261"}],"wp:attachment":[{"href":"https:\/\/projetoreconecta.com\/pt-br\/wp-json\/wp\/v2\/media?parent=1258"}],"curies":[{"name":"wp","href":"https:\/\/api.w.org\/{rel}","templated":true}]}}