{"id":1301,"date":"2023-05-20T19:55:09","date_gmt":"2023-05-20T19:55:09","guid":{"rendered":"https:\/\/projetoreconecta.com\/about\/artificialcanopybridgesmonitoring\/"},"modified":"2023-05-25T13:35:17","modified_gmt":"2023-05-25T13:35:17","slug":"artificialcanopybridgesmonitoring","status":"publish","type":"page","link":"https:\/\/projetoreconecta.com\/pt-br\/about\/artificialcanopybridgesmonitoring\/","title":{"rendered":"Artificial Canopy Bridges Monitoring"},"content":{"rendered":"\t\t<div data-elementor-type=\"wp-page\" data-elementor-id=\"1301\" class=\"elementor elementor-1301\" data-elementor-post-type=\"page\">\n\t\t\t\t\t\t\t<div class=\"elementor-element elementor-element-d5789e8 e-flex e-con-boxed e-con\" data-id=\"d5789e8\" data-element_type=\"container\" data-settings=\"{&quot;content_width&quot;:&quot;boxed&quot;}\">\n\t\t\t\t\t<div class=\"e-con-inner\">\n\t\t\t\t<div class=\"elementor-element elementor-element-85b9325 elementor-widget__width-inherit elementor-widget-mobile__width-inherit elementor-widget elementor-widget-text-editor\" data-id=\"85b9325\" data-element_type=\"widget\" data-widget_type=\"text-editor.default\">\n\t\t\t\t<div class=\"elementor-widget-container\">\n\t\t\t<style>\/*! elementor - v3.15.0 - 20-08-2023 *\/\n.elementor-widget-text-editor.elementor-drop-cap-view-stacked .elementor-drop-cap{background-color:#69727d;color:#fff}.elementor-widget-text-editor.elementor-drop-cap-view-framed .elementor-drop-cap{color:#69727d;border:3px solid;background-color:transparent}.elementor-widget-text-editor:not(.elementor-drop-cap-view-default) .elementor-drop-cap{margin-top:8px}.elementor-widget-text-editor:not(.elementor-drop-cap-view-default) .elementor-drop-cap-letter{width:1em;height:1em}.elementor-widget-text-editor .elementor-drop-cap{float:left;text-align:center;line-height:1;font-size:50px}.elementor-widget-text-editor .elementor-drop-cap-letter{display:inline-block}<\/style>\t\t\t\tMonitoramento das Pontes Artificiais de Dossel\t\t\t\t\t\t<\/div>\n\t\t\t\t<\/div>\n\t\t\t\t<div class=\"elementor-element elementor-element-53b1860 elementor-widget__width-inherit elementor-widget-mobile__width-inherit elementor-widget elementor-widget-text-editor\" data-id=\"53b1860\" data-element_type=\"widget\" data-widget_type=\"text-editor.default\">\n\t\t\t\t<div class=\"elementor-widget-container\">\n\t\t\t\t\t\t\t<p>Nossa hip\u00f3tese \u00e9 que o uso diferencial dos dois tipos de pontes ser\u00e1 influenciado por estrat\u00e9gias locomotoras e tamanho do corpo de mam\u00edferos arbor\u00edcolas.<\/p><p><span style=\"color: var( --e-global-color-text );\">Todas as pontes artificiais de dossel  (PAD) est\u00e3o sendo monitoradas com duas armadilhas fotogr\u00e1ficas no topo. Ambas operam em modo de v\u00eddeo, com in\u00edcio imediato ap\u00f3s a instala\u00e7\u00e3o das pontes (Junho de 2022).<\/span><br><\/p><p>Usando m\u00e9todos de monitoramento de esp\u00e9cies de dossel florestal desenvolvidos por Tremaine Gregory e sua equipe, uma c\u00e2mera ser\u00e1 instalada em um lado da ponte, apontando para ela sobre a rodovia e registrando o uso do animal. A outra c\u00e2mera ficar\u00e1 virada para a floresta, registrando os animais que se aproximam da ponte de dossel. Os registros de ambas as c\u00e2meras permitir\u00e3o o c\u00e1lculo de uma taxa de aceita\u00e7\u00e3o para cada ponte de dossel e a compara\u00e7\u00e3o de aceita\u00e7\u00e3o de cada design de ponte de dossel.<\/p><p>A taxa de aceita\u00e7\u00e3o ser\u00e1 medida como o n\u00famero total de indiv\u00edduos que se aproximaram da ponte e cruzaram ou n\u00e3o. As taxas de aceita\u00e7\u00e3o por esp\u00e9cies em resposta a certos atributos de estrutura de cruzamento j\u00e1 foram usadas anteriormente para avaliar a efici\u00eancia.<\/p>\t\t\t\t\t\t<\/div>\n\t\t\t\t<\/div>\n\t\t\t\t<div class=\"elementor-element elementor-element-3f354df elementor-widget elementor-widget-image\" data-id=\"3f354df\" data-element_type=\"widget\" data-widget_type=\"image.default\">\n\t\t\t\t<div class=\"elementor-widget-container\">\n\t\t\t<style>\/*! elementor - v3.15.0 - 20-08-2023 *\/\n.elementor-widget-image{text-align:center}.elementor-widget-image a{display:inline-block}.elementor-widget-image a img[src$=\".svg\"]{width:48px}.elementor-widget-image img{vertical-align:middle;display:inline-block}<\/style>\t\t\t\t\t\t\t\t\t\t\t\t<img decoding=\"async\" width=\"1920\" height=\"1080\" src=\"https:\/\/projetoreconecta.com\/wp-content\/uploads\/2023\/05\/1r.jpg\" class=\"attachment-full size-full wp-image-517\" alt=\"\" loading=\"lazy\" srcset=\"https:\/\/projetoreconecta.com\/wp-content\/uploads\/2023\/05\/1r.jpg 1920w, https:\/\/projetoreconecta.com\/wp-content\/uploads\/2023\/05\/1r-300x169.jpg 300w, https:\/\/projetoreconecta.com\/wp-content\/uploads\/2023\/05\/1r-1024x576.jpg 1024w, https:\/\/projetoreconecta.com\/wp-content\/uploads\/2023\/05\/1r-768x432.jpg 768w, https:\/\/projetoreconecta.com\/wp-content\/uploads\/2023\/05\/1r-1536x864.jpg 1536w\" sizes=\"(max-width: 1920px) 100vw, 1920px\" \/>\t\t\t\t\t\t\t\t\t\t\t\t\t\t\t<\/div>\n\t\t\t\t<\/div>\n\t\t<div class=\"elementor-element elementor-element-5e4b1ee e-flex e-con-boxed e-con\" data-id=\"5e4b1ee\" data-element_type=\"container\" data-settings=\"{&quot;content_width&quot;:&quot;boxed&quot;}\">\n\t\t\t\t\t<div class=\"e-con-inner\">\n\t\t\t\t<div class=\"elementor-element elementor-element-f9b7fe2 elementor-widget__width-initial elementor-widget-mobile__width-inherit elementor-widget elementor-widget-video\" data-id=\"f9b7fe2\" data-element_type=\"widget\" data-settings=\"{&quot;video_type&quot;:&quot;hosted&quot;,&quot;controls&quot;:&quot;yes&quot;}\" data-widget_type=\"video.default\">\n\t\t\t\t<div class=\"elementor-widget-container\">\n\t\t\t<style>\/*! elementor - v3.15.0 - 20-08-2023 *\/\n.elementor-widget-video .elementor-widget-container{overflow:hidden;transform:translateZ(0)}.elementor-widget-video .elementor-wrapper{aspect-ratio:var(--video-aspect-ratio)}.elementor-widget-video .elementor-wrapper iframe,.elementor-widget-video .elementor-wrapper video{height:100%;width:100%;display:flex;border:none;background-color:#000}@supports not (aspect-ratio:1\/1){.elementor-widget-video .elementor-wrapper{position:relative;overflow:hidden;height:0;padding-bottom:calc(100% \/ var(--video-aspect-ratio))}.elementor-widget-video .elementor-wrapper iframe,.elementor-widget-video .elementor-wrapper video{position:absolute;top:0;right:0;bottom:0;left:0}}.elementor-widget-video .elementor-open-inline .elementor-custom-embed-image-overlay{position:absolute;top:0;right:0;bottom:0;left:0;background-size:cover;background-position:50%}.elementor-widget-video .elementor-custom-embed-image-overlay{cursor:pointer;text-align:center}.elementor-widget-video .elementor-custom-embed-image-overlay:hover .elementor-custom-embed-play i{opacity:1}.elementor-widget-video .elementor-custom-embed-image-overlay img{display:block;width:100%;aspect-ratio:var(--video-aspect-ratio);-o-object-fit:cover;object-fit:cover;-o-object-position:center center;object-position:center center}@supports not (aspect-ratio:1\/1){.elementor-widget-video .elementor-custom-embed-image-overlay{position:relative;overflow:hidden;height:0;padding-bottom:calc(100% \/ var(--video-aspect-ratio))}.elementor-widget-video .elementor-custom-embed-image-overlay img{position:absolute;top:0;right:0;bottom:0;left:0}}.elementor-widget-video .e-hosted-video .elementor-video{-o-object-fit:cover;object-fit:cover}.e-con-inner>.elementor-widget-video,.e-con>.elementor-widget-video{width:var(--container-widget-width);--flex-grow:var(--container-widget-flex-grow)}<\/style>\t\t<div class=\"e-hosted-video elementor-wrapper elementor-open-inline\">\n\t\t\t\t\t<video class=\"elementor-video\" src=\"http:\/\/projetoreconecta.com\/wp-content\/uploads\/2023\/05\/c5.mp4\" controls=\"\" preload=\"metadata\" controlsList=\"nodownload\"><\/video>\n\t\t\t\t<\/div>\n\t\t\t\t<\/div>\n\t\t\t\t<\/div>\n\t\t\t\t<div class=\"elementor-element elementor-element-aeb1b0c elementor-widget__width-initial elementor-widget-mobile__width-inherit elementor-widget elementor-widget-video\" data-id=\"aeb1b0c\" data-element_type=\"widget\" data-settings=\"{&quot;video_type&quot;:&quot;hosted&quot;,&quot;controls&quot;:&quot;yes&quot;}\" data-widget_type=\"video.default\">\n\t\t\t\t<div class=\"elementor-widget-container\">\n\t\t\t\t\t<div class=\"e-hosted-video elementor-wrapper elementor-open-inline\">\n\t\t\t\t\t<video class=\"elementor-video\" src=\"http:\/\/projetoreconecta.com\/wp-content\/uploads\/2023\/05\/Rcnx0212.mp4\" controls=\"\" preload=\"metadata\" controlsList=\"nodownload\"><\/video>\n\t\t\t\t<\/div>\n\t\t\t\t<\/div>\n\t\t\t\t<\/div>\n\t\t\t\t<div class=\"elementor-element elementor-element-0914737 elementor-widget__width-initial elementor-widget-mobile__width-inherit elementor-widget elementor-widget-video\" data-id=\"0914737\" data-element_type=\"widget\" data-settings=\"{&quot;video_type&quot;:&quot;hosted&quot;,&quot;controls&quot;:&quot;yes&quot;}\" data-widget_type=\"video.default\">\n\t\t\t\t<div class=\"elementor-widget-container\">\n\t\t\t\t\t<div class=\"e-hosted-video elementor-wrapper elementor-open-inline\">\n\t\t\t\t\t<video class=\"elementor-video\" src=\"http:\/\/projetoreconecta.com\/wp-content\/uploads\/2023\/05\/Rcnx0017-P14-P.mp4\" controls=\"\" preload=\"metadata\" controlsList=\"nodownload\"><\/video>\n\t\t\t\t<\/div>\n\t\t\t\t<\/div>\n\t\t\t\t<\/div>\n\t\t\t\t\t<\/div>\n\t\t\t\t<\/div>\n\t\t\t\t\t<\/div>\n\t\t\t\t<\/div>\n\t\t\t\t\t\t\t<\/div>\n\t\t","protected":false},"excerpt":{"rendered":"<p>Monitoramento das Pontes Artificiais de Dossel Nossa hip\u00f3tese \u00e9 que o uso diferencial dos dois tipos de pontes ser\u00e1 influenciado por estrat\u00e9gias locomotoras e tamanho do corpo de mam\u00edferos arbor\u00edcolas. Todas as pontes artificiais de dossel (PAD) est\u00e3o sendo monitoradas com duas armadilhas fotogr\u00e1ficas no topo. Ambas operam em modo de v\u00eddeo, com in\u00edcio imediato [&hellip;]<\/p>\n","protected":false},"author":1,"featured_media":0,"parent":1285,"menu_order":0,"comment_status":"closed","ping_status":"closed","template":"","meta":[],"_links":{"self":[{"href":"https:\/\/projetoreconecta.com\/pt-br\/wp-json\/wp\/v2\/pages\/1301"}],"collection":[{"href":"https:\/\/projetoreconecta.com\/pt-br\/wp-json\/wp\/v2\/pages"}],"about":[{"href":"https:\/\/projetoreconecta.com\/pt-br\/wp-json\/wp\/v2\/types\/page"}],"author":[{"embeddable":true,"href":"https:\/\/projetoreconecta.com\/pt-br\/wp-json\/wp\/v2\/users\/1"}],"replies":[{"embeddable":true,"href":"https:\/\/projetoreconecta.com\/pt-br\/wp-json\/wp\/v2\/comments?post=1301"}],"version-history":[{"count":3,"href":"https:\/\/projetoreconecta.com\/pt-br\/wp-json\/wp\/v2\/pages\/1301\/revisions"}],"predecessor-version":[{"id":1304,"href":"https:\/\/projetoreconecta.com\/pt-br\/wp-json\/wp\/v2\/pages\/1301\/revisions\/1304"}],"up":[{"embeddable":true,"href":"https:\/\/projetoreconecta.com\/pt-br\/wp-json\/wp\/v2\/pages\/1285"}],"wp:attachment":[{"href":"https:\/\/projetoreconecta.com\/pt-br\/wp-json\/wp\/v2\/media?parent=1301"}],"curies":[{"name":"wp","href":"https:\/\/api.w.org\/{rel}","templated":true}]}}