{"id":1308,"date":"2023-05-20T19:56:03","date_gmt":"2023-05-20T19:56:03","guid":{"rendered":"https:\/\/projetoreconecta.com\/about\/collectionofbiologicalsamples\/"},"modified":"2023-05-25T13:45:07","modified_gmt":"2023-05-25T13:45:07","slug":"collectionofbiologicalsamples","status":"publish","type":"page","link":"https:\/\/projetoreconecta.com\/pt-br\/about\/collectionofbiologicalsamples\/","title":{"rendered":"Collection of Biological Samples"},"content":{"rendered":"\t\t<div data-elementor-type=\"wp-page\" data-elementor-id=\"1308\" class=\"elementor elementor-1308\" data-elementor-post-type=\"page\">\n\t\t\t\t\t\t\t<div class=\"elementor-element elementor-element-af0f1ee e-flex e-con-boxed e-con\" data-id=\"af0f1ee\" data-element_type=\"container\" data-settings=\"{&quot;content_width&quot;:&quot;boxed&quot;}\">\n\t\t\t\t\t<div class=\"e-con-inner\">\n\t\t\t\t<div class=\"elementor-element elementor-element-ddaaedd elementor-widget__width-inherit elementor-widget-mobile__width-inherit elementor-widget elementor-widget-text-editor\" data-id=\"ddaaedd\" data-element_type=\"widget\" data-widget_type=\"text-editor.default\">\n\t\t\t\t<div class=\"elementor-widget-container\">\n\t\t\t<style>\/*! elementor - v3.15.0 - 20-08-2023 *\/\n.elementor-widget-text-editor.elementor-drop-cap-view-stacked .elementor-drop-cap{background-color:#69727d;color:#fff}.elementor-widget-text-editor.elementor-drop-cap-view-framed .elementor-drop-cap{color:#69727d;border:3px solid;background-color:transparent}.elementor-widget-text-editor:not(.elementor-drop-cap-view-default) .elementor-drop-cap{margin-top:8px}.elementor-widget-text-editor:not(.elementor-drop-cap-view-default) .elementor-drop-cap-letter{width:1em;height:1em}.elementor-widget-text-editor .elementor-drop-cap{float:left;text-align:center;line-height:1;font-size:50px}.elementor-widget-text-editor .elementor-drop-cap-letter{display:inline-block}<\/style>\t\t\t\t<p>Coleta de Amostras Biol\u00f3gicas<\/p>\t\t\t\t\t\t<\/div>\n\t\t\t\t<\/div>\n\t\t\t\t<div class=\"elementor-element elementor-element-a0a9b80 elementor-widget__width-inherit elementor-widget-mobile__width-inherit elementor-widget elementor-widget-text-editor\" data-id=\"a0a9b80\" data-element_type=\"widget\" data-widget_type=\"text-editor.default\">\n\t\t\t\t<div class=\"elementor-widget-container\">\n\t\t\t\t\t\t\tUma vez que a Amaz\u00f4nia \u00e9 um bioma imenso e, em geral, pouco estudado, o Reconecta, al\u00e9m de ser um projeto de conserva\u00e7\u00e3o aplicado, pode ser tamb\u00e9m um projeto de descobertas, incluindo a descri\u00e7\u00e3o de novas esp\u00e9cies, novas \u00e1reas de ocorr\u00eancias, informa\u00e7\u00f5es gen\u00e9ticas sobre estruturas populacionais e perfis patol\u00f3gicos da comunidade de fauna da Amaz\u00f4nia Central. \n\t\t\t\t\t\t<\/div>\n\t\t\t\t<\/div>\n\t\t\t\t<div class=\"elementor-element elementor-element-6443099 elementor-vertical-align-middle elementor-widget__width-initial elementor-widget elementor-widget-icon-box\" data-id=\"6443099\" data-element_type=\"widget\" data-widget_type=\"icon-box.default\">\n\t\t\t\t<div class=\"elementor-widget-container\">\n\t\t\t<link rel=\"stylesheet\" href=\"https:\/\/projetoreconecta.com\/wp-content\/plugins\/elementor\/assets\/css\/widget-icon-box.min.css\">\t\t<div class=\"elementor-icon-box-wrapper\">\n\t\t\t\t\t\t<div class=\"elementor-icon-box-content\">\n\t\t\t\t<h3 class=\"elementor-icon-box-title\">\n\t\t\t\t\t<span  >\n\t\t\t\t\t\tAn\u00e1lises isot\u00f3picas\t\t\t\t\t<\/span>\n\t\t\t\t<\/h3>\n\t\t\t\t\t\t\t\t\t<p class=\"elementor-icon-box-description\">\n\t\t\t\t\t\tColetamos pelos de mam\u00edferos atropelados para an\u00e1lises isot\u00f3picas referentes \u00e0s dietas ou horm\u00f4nios.\t\t\t\t\t<\/p>\n\t\t\t\t\t\t\t<\/div>\n\t\t<\/div>\n\t\t\t\t<\/div>\n\t\t\t\t<\/div>\n\t\t<div class=\"elementor-element elementor-element-363f843 e-flex e-con-boxed e-con\" data-id=\"363f843\" data-element_type=\"container\" data-settings=\"{&quot;content_width&quot;:&quot;boxed&quot;}\">\n\t\t\t\t\t<div class=\"e-con-inner\">\n\t\t\t\t<div class=\"elementor-element elementor-element-9b492ed elementor-vertical-align-middle elementor-widget__width-initial elementor-widget elementor-widget-icon-box\" data-id=\"9b492ed\" data-element_type=\"widget\" data-widget_type=\"icon-box.default\">\n\t\t\t\t<div class=\"elementor-widget-container\">\n\t\t\t\t\t<div class=\"elementor-icon-box-wrapper\">\n\t\t\t\t\t\t<div class=\"elementor-icon-box-content\">\n\t\t\t\t<h3 class=\"elementor-icon-box-title\">\n\t\t\t\t\t<span  >\n\t\t\t\t\t\tAn\u00e1lises de doen\u00e7as\t\t\t\t\t<\/span>\n\t\t\t\t<\/h3>\n\t\t\t\t\t\t\t\t\t<p class=\"elementor-icon-box-description\">\n\t\t\t\t\t\tA presen\u00e7a humana pr\u00f3xima a \u00e1reas naturais provoca contato com popula\u00e7\u00f5es de animais silvestres e, devido a essa proximidade, pode ocorrer troca de doen\u00e7as com expans\u00e3o epid\u00eamica, estabelecendo assim novas rela\u00e7\u00f5es entre hospedeiros e pat\u00f3genos, bem como novos nichos na cadeia de transmiss\u00e3o de doen\u00e7as. Amostras de tecidos (sangue total, cora\u00e7\u00e3o, pulm\u00e3o, f\u00edgado, rim e ba\u00e7o) e ectoparasitas (pulgas, piolhos, \u00e1caros e carrapatos) s\u00e3o coletadas de mam\u00edferos atropelados. Dessas amostras, s\u00e3o retirados fragmentos para extra\u00e7\u00e3o de DNA e posterior detec\u00e7\u00e3o molecular (PCR) e sequenciamento de agentes infecciosos e parasit\u00e1rios.\t\t\t\t\t<\/p>\n\t\t\t\t\t\t\t<\/div>\n\t\t<\/div>\n\t\t\t\t<\/div>\n\t\t\t\t<\/div>\n\t\t\t\t<div class=\"elementor-element elementor-element-795f401 elementor-vertical-align-middle elementor-widget__width-initial elementor-widget elementor-widget-icon-box\" data-id=\"795f401\" data-element_type=\"widget\" data-widget_type=\"icon-box.default\">\n\t\t\t\t<div class=\"elementor-widget-container\">\n\t\t\t\t\t<div class=\"elementor-icon-box-wrapper\">\n\t\t\t\t\t\t<div class=\"elementor-icon-box-content\">\n\t\t\t\t<h3 class=\"elementor-icon-box-title\">\n\t\t\t\t\t<span  >\n\t\t\t\t\t\tAn\u00e1lises gen\u00e9ticas\t\t\t\t\t<\/span>\n\t\t\t\t<\/h3>\n\t\t\t\t\t\t\t\t\t<p class=\"elementor-icon-box-description\">\n\t\t\t\t\t\tO uso cl\u00e1ssico de tra\u00e7os morfol\u00f3gicos para identifica\u00e7\u00e3o de esp\u00e9cies tem v\u00e1rias limita\u00e7\u00f5es, especialmente quando aplicadas aos animais atropelados. O DNA barcoding \u00e9 uma ferramenta importante para identifica\u00e7\u00e3o de esp\u00e9cies, identifica\u00e7\u00e3o de esp\u00e9cies que n\u00e3o constam em bancos gen\u00e9ticos mundiais ou at\u00e9 mesmo que apontem esp\u00e9cies ainda n\u00e3o descritas. As an\u00e1lises gen\u00e9ticas tamb\u00e9m ser\u00e3o utilizadas para realizar uma estimativa do tamanho efetivo da popula\u00e7\u00e3o (Ne) de Cerdocyon thous (recente migrante para a Amaz\u00f4nia) com base em indiv\u00edduos atropelados e comparar a distribui\u00e7\u00e3o da diversidade gen\u00e9tica, e para avaliar a estrutura populacional de algumas das esp\u00e9cies de primatas e outros mam\u00edferos terrestres mais atropelados.\n\t\t\t\t\t<\/p>\n\t\t\t\t\t\t\t<\/div>\n\t\t<\/div>\n\t\t\t\t<\/div>\n\t\t\t\t<\/div>\n\t\t\t\t\t<\/div>\n\t\t\t\t<\/div>\n\t\t\t\t\t<\/div>\n\t\t\t\t<\/div>\n\t\t<div class=\"elementor-element elementor-element-1e7df8d e-con-full e-flex e-con\" data-id=\"1e7df8d\" data-element_type=\"container\" data-settings=\"{&quot;content_width&quot;:&quot;full&quot;}\">\n\t\t\t\t<div class=\"elementor-element elementor-element-20d47c6 elementor-pagination-position-inside carosel elementor-widget elementor-widget-image-carousel\" data-id=\"20d47c6\" data-element_type=\"widget\" data-settings=\"{&quot;slides_to_show&quot;:&quot;5&quot;,&quot;slides_to_scroll&quot;:&quot;1&quot;,&quot;navigation&quot;:&quot;dots&quot;,&quot;speed&quot;:8000,&quot;image_spacing_custom&quot;:{&quot;unit&quot;:&quot;px&quot;,&quot;size&quot;:0,&quot;sizes&quot;:[]},&quot;autoplay&quot;:&quot;no&quot;,&quot;infinite&quot;:&quot;no&quot;,&quot;image_spacing_custom_tablet&quot;:{&quot;unit&quot;:&quot;px&quot;,&quot;size&quot;:&quot;&quot;,&quot;sizes&quot;:[]},&quot;image_spacing_custom_mobile&quot;:{&quot;unit&quot;:&quot;px&quot;,&quot;size&quot;:&quot;&quot;,&quot;sizes&quot;:[]}}\" data-widget_type=\"image-carousel.default\">\n\t\t\t\t<div class=\"elementor-widget-container\">\n\t\t\t<style>\/*! elementor - v3.15.0 - 20-08-2023 *\/\n.elementor-widget-image-carousel .swiper,.elementor-widget-image-carousel .swiper-container{position:static}.elementor-widget-image-carousel .swiper-container .swiper-slide figure,.elementor-widget-image-carousel .swiper .swiper-slide figure{line-height:inherit}.elementor-widget-image-carousel .swiper-slide{text-align:center}.elementor-image-carousel-wrapper:not(.swiper-container-initialized):not(.swiper-initialized) .swiper-slide{max-width:calc(100% \/ var(--e-image-carousel-slides-to-show, 3))}<\/style>\t\t<div class=\"elementor-image-carousel-wrapper swiper\" dir=\"ltr\">\n\t\t\t<div class=\"elementor-image-carousel swiper-wrapper\" aria-live=\"polite\">\n\t\t\t\t\t\t\t\t<div class=\"swiper-slide\" role=\"group\" aria-roledescription=\"slide\" aria-label=\"1 of 5\"><a data-elementor-open-lightbox=\"yes\" data-elementor-lightbox-slideshow=\"20d47c6\" data-elementor-lightbox-title=\"1\" data-e-action-hash=\"#elementor-action%3Aaction%3Dlightbox%26settings%3DeyJpZCI6NDY3LCJ1cmwiOiJodHRwczpcL1wvcHJvamV0b3JlY29uZWN0YS5jb21cL3dwLWNvbnRlbnRcL3VwbG9hZHNcLzIwMjNcLzA1XC8xLTQud2VicCIsInNsaWRlc2hvdyI6IjIwZDQ3YzYifQ%3D%3D\" href=\"https:\/\/projetoreconecta.com\/wp-content\/uploads\/2023\/05\/1-4.webp\"><figure class=\"swiper-slide-inner\"><img decoding=\"async\" class=\"swiper-slide-image\" src=\"https:\/\/projetoreconecta.com\/wp-content\/uploads\/2023\/05\/1-4.webp\" alt=\"1\" \/><\/figure><\/a><\/div><div class=\"swiper-slide\" role=\"group\" aria-roledescription=\"slide\" aria-label=\"2 of 5\"><a data-elementor-open-lightbox=\"yes\" data-elementor-lightbox-slideshow=\"20d47c6\" data-elementor-lightbox-title=\"2\" data-e-action-hash=\"#elementor-action%3Aaction%3Dlightbox%26settings%3DeyJpZCI6NDY4LCJ1cmwiOiJodHRwczpcL1wvcHJvamV0b3JlY29uZWN0YS5jb21cL3dwLWNvbnRlbnRcL3VwbG9hZHNcLzIwMjNcLzA1XC8yLTQud2VicCIsInNsaWRlc2hvdyI6IjIwZDQ3YzYifQ%3D%3D\" href=\"https:\/\/projetoreconecta.com\/wp-content\/uploads\/2023\/05\/2-4.webp\"><figure class=\"swiper-slide-inner\"><img decoding=\"async\" class=\"swiper-slide-image\" src=\"https:\/\/projetoreconecta.com\/wp-content\/uploads\/2023\/05\/2-4.webp\" alt=\"2\" \/><\/figure><\/a><\/div><div class=\"swiper-slide\" role=\"group\" aria-roledescription=\"slide\" aria-label=\"3 of 5\"><a data-elementor-open-lightbox=\"yes\" data-elementor-lightbox-slideshow=\"20d47c6\" data-elementor-lightbox-title=\"3\" data-e-action-hash=\"#elementor-action%3Aaction%3Dlightbox%26settings%3DeyJpZCI6NDY5LCJ1cmwiOiJodHRwczpcL1wvcHJvamV0b3JlY29uZWN0YS5jb21cL3dwLWNvbnRlbnRcL3VwbG9hZHNcLzIwMjNcLzA1XC8zLTQud2VicCIsInNsaWRlc2hvdyI6IjIwZDQ3YzYifQ%3D%3D\" href=\"https:\/\/projetoreconecta.com\/wp-content\/uploads\/2023\/05\/3-4.webp\"><figure class=\"swiper-slide-inner\"><img decoding=\"async\" class=\"swiper-slide-image\" src=\"https:\/\/projetoreconecta.com\/wp-content\/uploads\/2023\/05\/3-4.webp\" alt=\"3\" \/><\/figure><\/a><\/div><div class=\"swiper-slide\" role=\"group\" aria-roledescription=\"slide\" aria-label=\"4 of 5\"><a data-elementor-open-lightbox=\"yes\" data-elementor-lightbox-slideshow=\"20d47c6\" data-elementor-lightbox-title=\"4\" data-e-action-hash=\"#elementor-action%3Aaction%3Dlightbox%26settings%3DeyJpZCI6NDcwLCJ1cmwiOiJodHRwczpcL1wvcHJvamV0b3JlY29uZWN0YS5jb21cL3dwLWNvbnRlbnRcL3VwbG9hZHNcLzIwMjNcLzA1XC80LTMud2VicCIsInNsaWRlc2hvdyI6IjIwZDQ3YzYifQ%3D%3D\" href=\"https:\/\/projetoreconecta.com\/wp-content\/uploads\/2023\/05\/4-3.webp\"><figure class=\"swiper-slide-inner\"><img decoding=\"async\" class=\"swiper-slide-image\" src=\"https:\/\/projetoreconecta.com\/wp-content\/uploads\/2023\/05\/4-3.webp\" alt=\"4\" \/><\/figure><\/a><\/div><div class=\"swiper-slide\" role=\"group\" aria-roledescription=\"slide\" aria-label=\"5 of 5\"><a data-elementor-open-lightbox=\"yes\" data-elementor-lightbox-slideshow=\"20d47c6\" data-elementor-lightbox-title=\"5\" data-e-action-hash=\"#elementor-action%3Aaction%3Dlightbox%26settings%3DeyJpZCI6NDcxLCJ1cmwiOiJodHRwczpcL1wvcHJvamV0b3JlY29uZWN0YS5jb21cL3dwLWNvbnRlbnRcL3VwbG9hZHNcLzIwMjNcLzA1XC81LTMud2VicCIsInNsaWRlc2hvdyI6IjIwZDQ3YzYifQ%3D%3D\" href=\"https:\/\/projetoreconecta.com\/wp-content\/uploads\/2023\/05\/5-3.webp\"><figure class=\"swiper-slide-inner\"><img decoding=\"async\" class=\"swiper-slide-image\" src=\"https:\/\/projetoreconecta.com\/wp-content\/uploads\/2023\/05\/5-3.webp\" alt=\"5\" \/><\/figure><\/a><\/div>\t\t\t<\/div>\n\t\t\t\t\t\t\t\n\t\t\t\t\t\t\t\t\t<div class=\"swiper-pagination\"><\/div>\n\t\t\t\t\t\t\t\t\t<\/div>\n\t\t\t\t<\/div>\n\t\t\t\t<\/div>\n\t\t\t\t<\/div>\n\t\t\t\t\t\t\t<\/div>\n\t\t","protected":false},"excerpt":{"rendered":"<p>Coleta de Amostras Biol\u00f3gicas Uma vez que a Amaz\u00f4nia \u00e9 um bioma imenso e, em geral, pouco estudado, o Reconecta, al\u00e9m de ser um projeto de conserva\u00e7\u00e3o aplicado, pode ser tamb\u00e9m um projeto de descobertas, incluindo a descri\u00e7\u00e3o de novas esp\u00e9cies, novas \u00e1reas de ocorr\u00eancias, informa\u00e7\u00f5es gen\u00e9ticas sobre estruturas populacionais e perfis patol\u00f3gicos da comunidade [&hellip;]<\/p>\n","protected":false},"author":1,"featured_media":0,"parent":1285,"menu_order":0,"comment_status":"closed","ping_status":"closed","template":"","meta":[],"_links":{"self":[{"href":"https:\/\/projetoreconecta.com\/pt-br\/wp-json\/wp\/v2\/pages\/1308"}],"collection":[{"href":"https:\/\/projetoreconecta.com\/pt-br\/wp-json\/wp\/v2\/pages"}],"about":[{"href":"https:\/\/projetoreconecta.com\/pt-br\/wp-json\/wp\/v2\/types\/page"}],"author":[{"embeddable":true,"href":"https:\/\/projetoreconecta.com\/pt-br\/wp-json\/wp\/v2\/users\/1"}],"replies":[{"embeddable":true,"href":"https:\/\/projetoreconecta.com\/pt-br\/wp-json\/wp\/v2\/comments?post=1308"}],"version-history":[{"count":9,"href":"https:\/\/projetoreconecta.com\/pt-br\/wp-json\/wp\/v2\/pages\/1308\/revisions"}],"predecessor-version":[{"id":1318,"href":"https:\/\/projetoreconecta.com\/pt-br\/wp-json\/wp\/v2\/pages\/1308\/revisions\/1318"}],"up":[{"embeddable":true,"href":"https:\/\/projetoreconecta.com\/pt-br\/wp-json\/wp\/v2\/pages\/1285"}],"wp:attachment":[{"href":"https:\/\/projetoreconecta.com\/pt-br\/wp-json\/wp\/v2\/media?parent=1308"}],"curies":[{"name":"wp","href":"https:\/\/api.w.org\/{rel}","templated":true}]}}