{"id":1319,"date":"2023-05-20T19:53:39","date_gmt":"2023-05-20T19:53:39","guid":{"rendered":"https:\/\/projetoreconecta.com\/about\/communicationwithstakeholders\/"},"modified":"2023-05-25T13:47:10","modified_gmt":"2023-05-25T13:47:10","slug":"communicationwithstakeholders","status":"publish","type":"page","link":"https:\/\/projetoreconecta.com\/pt-br\/about\/communicationwithstakeholders\/","title":{"rendered":"Communication with stakeholders"},"content":{"rendered":"\t\t<div data-elementor-type=\"wp-page\" data-elementor-id=\"1319\" class=\"elementor elementor-1319\" data-elementor-post-type=\"page\">\n\t\t\t\t\t\t\t<div class=\"elementor-element elementor-element-a173c21 e-flex e-con-boxed e-con\" data-id=\"a173c21\" data-element_type=\"container\" data-settings=\"{&quot;content_width&quot;:&quot;boxed&quot;}\">\n\t\t\t\t\t<div class=\"e-con-inner\">\n\t\t\t\t<div class=\"elementor-element elementor-element-08543bb elementor-widget__width-inherit elementor-widget-mobile__width-inherit elementor-widget elementor-widget-text-editor\" data-id=\"08543bb\" data-element_type=\"widget\" data-widget_type=\"text-editor.default\">\n\t\t\t\t<div class=\"elementor-widget-container\">\n\t\t\t<style>\/*! elementor - v3.15.0 - 20-08-2023 *\/\n.elementor-widget-text-editor.elementor-drop-cap-view-stacked .elementor-drop-cap{background-color:#69727d;color:#fff}.elementor-widget-text-editor.elementor-drop-cap-view-framed .elementor-drop-cap{color:#69727d;border:3px solid;background-color:transparent}.elementor-widget-text-editor:not(.elementor-drop-cap-view-default) .elementor-drop-cap{margin-top:8px}.elementor-widget-text-editor:not(.elementor-drop-cap-view-default) .elementor-drop-cap-letter{width:1em;height:1em}.elementor-widget-text-editor .elementor-drop-cap{float:left;text-align:center;line-height:1;font-size:50px}.elementor-widget-text-editor .elementor-drop-cap-letter{display:inline-block}<\/style>\t\t\t\t<p>Comunica\u00e7\u00e3o com Stakeholders<\/p>\t\t\t\t\t\t<\/div>\n\t\t\t\t<\/div>\n\t\t\t\t<div class=\"elementor-element elementor-element-3230ad3 elementor-widget__width-inherit elementor-widget-mobile__width-inherit elementor-widget elementor-widget-text-editor\" data-id=\"3230ad3\" data-element_type=\"widget\" data-widget_type=\"text-editor.default\">\n\t\t\t\t<div class=\"elementor-widget-container\">\n\t\t\t\t\t\t\t<p>A Ag\u00eancia Nacional de Transportes Federais &#8211; DNIT que administra a rodovia em nossa \u00e1rea de estudo \u00e9 parceira do Projeto desde 2021. Os resultados que obteremos com pontes de dossel artificial e outros estudos realizados a partir deste projeto ir\u00e3o incentivar e orientar a ado\u00e7\u00e3o do dossel implanta\u00e7\u00e3o de pontes em diversas outras rodovias. O Projeto Reconecta pode crescer em escala na regi\u00e3o amaz\u00f4nica ou em outros biomas florestais e beneficiar muitas outras esp\u00e9cies arb\u00f3reas.<\/p><p><span style=\"color: var( --e-global-color-text );\">Em 2023 recebemos o apoio institucional do IBAMA (Ag\u00eancia Federal do Meio Ambiente). Embora esse apoio n\u00e3o seja financeiro, significa que temos ades\u00e3o oficial de mais uma Ag\u00eancia Federal Brasileira. O IBAMA tamb\u00e9m est\u00e1 interessado em nossos resultados com a perspectiva de aumento de escala de pontes de dossel em Licenciamentos Ambientais de Rodovias e Ferrovias que analisa. O IBAMA reconhece a import\u00e2ncia das pontes artificiais de dossel para a conserva\u00e7\u00e3o da biodiversidade e comunica seus planos de recomendar que essas pontes sejam instaladas em outras rodovias da Amaz\u00f4nia nos pr\u00f3ximos anos.<\/span><br><\/p>\t\t\t\t\t\t<\/div>\n\t\t\t\t<\/div>\n\t\t\t\t\t<\/div>\n\t\t\t\t<\/div>\n\t\t<div class=\"elementor-element elementor-element-0e3dd9c e-con-full e-flex e-con\" data-id=\"0e3dd9c\" data-element_type=\"container\" data-settings=\"{&quot;content_width&quot;:&quot;full&quot;}\">\n\t\t\t\t<div class=\"elementor-element elementor-element-1eebac9 elementor-pagination-position-inside carosel elementor-widget elementor-widget-image-carousel\" data-id=\"1eebac9\" data-element_type=\"widget\" data-settings=\"{&quot;slides_to_show&quot;:&quot;4&quot;,&quot;slides_to_scroll&quot;:&quot;1&quot;,&quot;navigation&quot;:&quot;dots&quot;,&quot;speed&quot;:8000,&quot;image_spacing_custom&quot;:{&quot;unit&quot;:&quot;px&quot;,&quot;size&quot;:0,&quot;sizes&quot;:[]},&quot;autoplay&quot;:&quot;no&quot;,&quot;infinite&quot;:&quot;no&quot;,&quot;image_spacing_custom_tablet&quot;:{&quot;unit&quot;:&quot;px&quot;,&quot;size&quot;:&quot;&quot;,&quot;sizes&quot;:[]},&quot;image_spacing_custom_mobile&quot;:{&quot;unit&quot;:&quot;px&quot;,&quot;size&quot;:&quot;&quot;,&quot;sizes&quot;:[]}}\" data-widget_type=\"image-carousel.default\">\n\t\t\t\t<div class=\"elementor-widget-container\">\n\t\t\t<style>\/*! elementor - v3.15.0 - 20-08-2023 *\/\n.elementor-widget-image-carousel .swiper,.elementor-widget-image-carousel .swiper-container{position:static}.elementor-widget-image-carousel .swiper-container .swiper-slide figure,.elementor-widget-image-carousel .swiper .swiper-slide figure{line-height:inherit}.elementor-widget-image-carousel .swiper-slide{text-align:center}.elementor-image-carousel-wrapper:not(.swiper-container-initialized):not(.swiper-initialized) .swiper-slide{max-width:calc(100% \/ var(--e-image-carousel-slides-to-show, 3))}<\/style>\t\t<div class=\"elementor-image-carousel-wrapper swiper\" dir=\"ltr\">\n\t\t\t<div class=\"elementor-image-carousel swiper-wrapper\" aria-live=\"polite\">\n\t\t\t\t\t\t\t\t<div class=\"swiper-slide\" role=\"group\" aria-roledescription=\"slide\" aria-label=\"1 of 4\"><a data-elementor-open-lightbox=\"yes\" data-elementor-lightbox-slideshow=\"1eebac9\" data-elementor-lightbox-title=\"_AAG9373-min\" data-e-action-hash=\"#elementor-action%3Aaction%3Dlightbox%26settings%3DeyJpZCI6MTAxNCwidXJsIjoiaHR0cHM6XC9cL3Byb2pldG9yZWNvbmVjdGEuY29tXC93cC1jb250ZW50XC91cGxvYWRzXC8yMDIzXC8wNVwvQUFHOTM3My1taW4uanBnIiwic2xpZGVzaG93IjoiMWVlYmFjOSJ9\" href=\"https:\/\/projetoreconecta.com\/wp-content\/uploads\/2023\/05\/AAG9373-min.jpg\"><figure class=\"swiper-slide-inner\"><img decoding=\"async\" class=\"swiper-slide-image\" src=\"https:\/\/projetoreconecta.com\/wp-content\/uploads\/2023\/05\/AAG9373-min.jpg\" alt=\"_AAG9373-min\" \/><\/figure><\/a><\/div><div class=\"swiper-slide\" role=\"group\" aria-roledescription=\"slide\" aria-label=\"2 of 4\"><a data-elementor-open-lightbox=\"yes\" data-elementor-lightbox-slideshow=\"1eebac9\" data-elementor-lightbox-title=\"_AAG9378-min\" data-e-action-hash=\"#elementor-action%3Aaction%3Dlightbox%26settings%3DeyJpZCI6MTAxNSwidXJsIjoiaHR0cHM6XC9cL3Byb2pldG9yZWNvbmVjdGEuY29tXC93cC1jb250ZW50XC91cGxvYWRzXC8yMDIzXC8wNVwvQUFHOTM3OC1taW4uanBnIiwic2xpZGVzaG93IjoiMWVlYmFjOSJ9\" href=\"https:\/\/projetoreconecta.com\/wp-content\/uploads\/2023\/05\/AAG9378-min.jpg\"><figure class=\"swiper-slide-inner\"><img decoding=\"async\" class=\"swiper-slide-image\" src=\"https:\/\/projetoreconecta.com\/wp-content\/uploads\/2023\/05\/AAG9378-min.jpg\" alt=\"_AAG9378-min\" \/><\/figure><\/a><\/div><div class=\"swiper-slide\" role=\"group\" aria-roledescription=\"slide\" aria-label=\"3 of 4\"><a data-elementor-open-lightbox=\"yes\" data-elementor-lightbox-slideshow=\"1eebac9\" data-elementor-lightbox-title=\"_AAG9385-min\" data-e-action-hash=\"#elementor-action%3Aaction%3Dlightbox%26settings%3DeyJpZCI6MTAxNiwidXJsIjoiaHR0cHM6XC9cL3Byb2pldG9yZWNvbmVjdGEuY29tXC93cC1jb250ZW50XC91cGxvYWRzXC8yMDIzXC8wNVwvQUFHOTM4NS1taW4uanBnIiwic2xpZGVzaG93IjoiMWVlYmFjOSJ9\" href=\"https:\/\/projetoreconecta.com\/wp-content\/uploads\/2023\/05\/AAG9385-min.jpg\"><figure class=\"swiper-slide-inner\"><img decoding=\"async\" class=\"swiper-slide-image\" src=\"https:\/\/projetoreconecta.com\/wp-content\/uploads\/2023\/05\/AAG9385-min.jpg\" alt=\"_AAG9385-min\" \/><\/figure><\/a><\/div><div class=\"swiper-slide\" role=\"group\" aria-roledescription=\"slide\" aria-label=\"4 of 4\"><a data-elementor-open-lightbox=\"yes\" data-elementor-lightbox-slideshow=\"1eebac9\" data-elementor-lightbox-title=\"_AAG9390-min\" data-e-action-hash=\"#elementor-action%3Aaction%3Dlightbox%26settings%3DeyJpZCI6MTAxNywidXJsIjoiaHR0cHM6XC9cL3Byb2pldG9yZWNvbmVjdGEuY29tXC93cC1jb250ZW50XC91cGxvYWRzXC8yMDIzXC8wNVwvQUFHOTM5MC1taW4uanBnIiwic2xpZGVzaG93IjoiMWVlYmFjOSJ9\" href=\"https:\/\/projetoreconecta.com\/wp-content\/uploads\/2023\/05\/AAG9390-min.jpg\"><figure class=\"swiper-slide-inner\"><img decoding=\"async\" class=\"swiper-slide-image\" src=\"https:\/\/projetoreconecta.com\/wp-content\/uploads\/2023\/05\/AAG9390-min.jpg\" alt=\"_AAG9390-min\" \/><\/figure><\/a><\/div>\t\t\t<\/div>\n\t\t\t\t\t\t\t\n\t\t\t\t\t\t\t\t\t<div class=\"swiper-pagination\"><\/div>\n\t\t\t\t\t\t\t\t\t<\/div>\n\t\t\t\t<\/div>\n\t\t\t\t<\/div>\n\t\t\t\t<\/div>\n\t\t\t\t\t\t\t<\/div>\n\t\t","protected":false},"excerpt":{"rendered":"<p>Comunica\u00e7\u00e3o com Stakeholders A Ag\u00eancia Nacional de Transportes Federais &#8211; DNIT que administra a rodovia em nossa \u00e1rea de estudo \u00e9 parceira do Projeto desde 2021. Os resultados que obteremos com pontes de dossel artificial e outros estudos realizados a partir deste projeto ir\u00e3o incentivar e orientar a ado\u00e7\u00e3o do dossel implanta\u00e7\u00e3o de pontes em [&hellip;]<\/p>\n","protected":false},"author":1,"featured_media":0,"parent":1285,"menu_order":0,"comment_status":"closed","ping_status":"closed","template":"","meta":[],"_links":{"self":[{"href":"https:\/\/projetoreconecta.com\/pt-br\/wp-json\/wp\/v2\/pages\/1319"}],"collection":[{"href":"https:\/\/projetoreconecta.com\/pt-br\/wp-json\/wp\/v2\/pages"}],"about":[{"href":"https:\/\/projetoreconecta.com\/pt-br\/wp-json\/wp\/v2\/types\/page"}],"author":[{"embeddable":true,"href":"https:\/\/projetoreconecta.com\/pt-br\/wp-json\/wp\/v2\/users\/1"}],"replies":[{"embeddable":true,"href":"https:\/\/projetoreconecta.com\/pt-br\/wp-json\/wp\/v2\/comments?post=1319"}],"version-history":[{"count":3,"href":"https:\/\/projetoreconecta.com\/pt-br\/wp-json\/wp\/v2\/pages\/1319\/revisions"}],"predecessor-version":[{"id":1322,"href":"https:\/\/projetoreconecta.com\/pt-br\/wp-json\/wp\/v2\/pages\/1319\/revisions\/1322"}],"up":[{"embeddable":true,"href":"https:\/\/projetoreconecta.com\/pt-br\/wp-json\/wp\/v2\/pages\/1285"}],"wp:attachment":[{"href":"https:\/\/projetoreconecta.com\/pt-br\/wp-json\/wp\/v2\/media?parent=1319"}],"curies":[{"name":"wp","href":"https:\/\/api.w.org\/{rel}","templated":true}]}}