{"id":1324,"date":"2023-05-20T19:54:03","date_gmt":"2023-05-20T19:54:03","guid":{"rendered":"https:\/\/projetoreconecta.com\/about\/engagementwiththeindigenouscommunity\/"},"modified":"2023-05-25T13:49:26","modified_gmt":"2023-05-25T13:49:26","slug":"engagementwiththeindigenouscommunity","status":"publish","type":"page","link":"https:\/\/projetoreconecta.com\/pt-br\/about\/engagementwiththeindigenouscommunity\/","title":{"rendered":"Engagement with the Indigenous Community"},"content":{"rendered":"\t\t<div data-elementor-type=\"wp-page\" data-elementor-id=\"1324\" class=\"elementor elementor-1324\" data-elementor-post-type=\"page\">\n\t\t\t\t\t\t\t<div class=\"elementor-element elementor-element-7750921 e-flex e-con-boxed e-con\" data-id=\"7750921\" data-element_type=\"container\" data-settings=\"{&quot;content_width&quot;:&quot;boxed&quot;}\">\n\t\t\t\t\t<div class=\"e-con-inner\">\n\t\t\t\t<div class=\"elementor-element elementor-element-7bac429 elementor-widget__width-inherit elementor-widget-mobile__width-inherit elementor-widget elementor-widget-text-editor\" data-id=\"7bac429\" data-element_type=\"widget\" data-widget_type=\"text-editor.default\">\n\t\t\t\t<div class=\"elementor-widget-container\">\n\t\t\t<style>\/*! elementor - v3.15.0 - 20-08-2023 *\/\n.elementor-widget-text-editor.elementor-drop-cap-view-stacked .elementor-drop-cap{background-color:#69727d;color:#fff}.elementor-widget-text-editor.elementor-drop-cap-view-framed .elementor-drop-cap{color:#69727d;border:3px solid;background-color:transparent}.elementor-widget-text-editor:not(.elementor-drop-cap-view-default) .elementor-drop-cap{margin-top:8px}.elementor-widget-text-editor:not(.elementor-drop-cap-view-default) .elementor-drop-cap-letter{width:1em;height:1em}.elementor-widget-text-editor .elementor-drop-cap{float:left;text-align:center;line-height:1;font-size:50px}.elementor-widget-text-editor .elementor-drop-cap-letter{display:inline-block}<\/style>\t\t\t\tEngajamento com a Comunidade Ind\u00edgena\t\t\t\t\t\t<\/div>\n\t\t\t\t<\/div>\n\t\t\t\t<div class=\"elementor-element elementor-element-3c920c6 elementor-widget__width-inherit elementor-widget-mobile__width-inherit elementor-widget elementor-widget-text-editor\" data-id=\"3c920c6\" data-element_type=\"widget\" data-widget_type=\"text-editor.default\">\n\t\t\t\t<div class=\"elementor-widget-container\">\n\t\t\t\t\t\t\t<p>A proposta do Projeto Reconecta \u00e9 unir o conhecimento tradicional ind\u00edgena com ci\u00eancia de ponta para conservar as esp\u00e9cies arbor\u00edcolas da Amaz\u00f4nia por meio de pontes de dossel sobre a BR-174.<\/p><p>A comunidade ind\u00edgena Waimiri-Atroari tem um papel fundamental para o sucesso do Projeto Reconecta, pois ajudou ativamente, com base em seu conhecimento tradicional, na escolha do design e localiza\u00e7\u00e3o das pontes ao longo da BR-174. Ainda, mais de 150 ind\u00edgenas participaram da constru\u00e7\u00e3o e instala\u00e7\u00e3o das pontes artificiais de dossel.<\/p><p>O apoio desta Comunidade torna o projeto mais impactante, pois os pr\u00f3prios ind\u00edgenas podem dar continuidade ao projeto a m\u00e9dio e longo prazo, o que representa uma solu\u00e7\u00e3o sustent\u00e1vel para a manuten\u00e7\u00e3o da biodiversidade local.<\/p><p>A comunica\u00e7\u00e3o entre a equipe do Projeto Reconecta e a Comunidade Waimiri-Atroari foi um dos principais desafios iniciais do projeto. Alguns membros da Comunidade Waimiri-Atroari falam portugu\u00eas, mas sua l\u00edngua original \u00e9 o Kinja iara, desta forma, os integrantes da equipe de campo tiveram que aprender o vocabul\u00e1rio ind\u00edgena para facilitar a comunica\u00e7\u00e3o ao longo do Projeto.<\/p><p>A comunidade ind\u00edgena se mostra muito curiosa em saber se os animais est\u00e3o utilizando as pontes de dossel, desta forma, outro desafio foi o de comunicar os resultados do Projeto em uma linguagem adequada.<\/p><p>A equipe do Reconecta faz reuni\u00f5es pontuais apresentando v\u00eddeos dos animais utilizando as pontes e demonstra as atividades do projeto por meio de fotos. Algumas informa\u00e7\u00f5es tamb\u00e9m s\u00e3o compartilhadas com o Programa Waimiri-Atroari, o qual repassa as informa\u00e7\u00f5es para os l\u00edderes ind\u00edgenas que repassam as informa\u00e7\u00f5es para os indigenas que ficam nas aldeias.<\/p>\t\t\t\t\t\t<\/div>\n\t\t\t\t<\/div>\n\t\t\t\t\t<\/div>\n\t\t\t\t<\/div>\n\t\t<div class=\"elementor-element elementor-element-94da0a0 e-con-full e-flex e-con\" data-id=\"94da0a0\" data-element_type=\"container\" data-settings=\"{&quot;content_width&quot;:&quot;full&quot;}\">\n\t\t\t\t<div class=\"elementor-element elementor-element-17f3d04 gallery-spacing-custom elementor-widget elementor-widget-image-gallery\" data-id=\"17f3d04\" data-element_type=\"widget\" data-widget_type=\"image-gallery.default\">\n\t\t\t\t<div class=\"elementor-widget-container\">\n\t\t\t<style>\/*! elementor - v3.15.0 - 20-08-2023 *\/\n.elementor-image-gallery .gallery-item{display:inline-block;text-align:center;vertical-align:top;width:100%;max-width:100%;margin:0 auto}.elementor-image-gallery .gallery-item img{margin:0 auto}.elementor-image-gallery .gallery-item .gallery-caption{margin:0}.elementor-image-gallery figure img{display:block}.elementor-image-gallery figure figcaption{width:100%}.gallery-spacing-custom .elementor-image-gallery .gallery-icon{padding:0}@media (min-width:768px){.elementor-image-gallery .gallery-columns-2 .gallery-item{max-width:50%}.elementor-image-gallery .gallery-columns-3 .gallery-item{max-width:33.33%}.elementor-image-gallery .gallery-columns-4 .gallery-item{max-width:25%}.elementor-image-gallery .gallery-columns-5 .gallery-item{max-width:20%}.elementor-image-gallery .gallery-columns-6 .gallery-item{max-width:16.666%}.elementor-image-gallery .gallery-columns-7 .gallery-item{max-width:14.28%}.elementor-image-gallery .gallery-columns-8 .gallery-item{max-width:12.5%}.elementor-image-gallery .gallery-columns-9 .gallery-item{max-width:11.11%}.elementor-image-gallery .gallery-columns-10 .gallery-item{max-width:10%}}@media (min-width:480px) and (max-width:767px){.elementor-image-gallery .gallery.gallery-columns-2 .gallery-item,.elementor-image-gallery .gallery.gallery-columns-3 .gallery-item,.elementor-image-gallery .gallery.gallery-columns-4 .gallery-item,.elementor-image-gallery .gallery.gallery-columns-5 .gallery-item,.elementor-image-gallery .gallery.gallery-columns-6 .gallery-item,.elementor-image-gallery .gallery.gallery-columns-7 .gallery-item,.elementor-image-gallery .gallery.gallery-columns-8 .gallery-item,.elementor-image-gallery .gallery.gallery-columns-9 .gallery-item,.elementor-image-gallery .gallery.gallery-columns-10 .gallery-item{max-width:50%}}@media (max-width:479px){.elementor-image-gallery .gallery.gallery-columns-2 .gallery-item,.elementor-image-gallery .gallery.gallery-columns-3 .gallery-item,.elementor-image-gallery .gallery.gallery-columns-4 .gallery-item,.elementor-image-gallery .gallery.gallery-columns-5 .gallery-item,.elementor-image-gallery .gallery.gallery-columns-6 .gallery-item,.elementor-image-gallery .gallery.gallery-columns-7 .gallery-item,.elementor-image-gallery .gallery.gallery-columns-8 .gallery-item,.elementor-image-gallery .gallery.gallery-columns-9 .gallery-item,.elementor-image-gallery .gallery.gallery-columns-10 .gallery-item{max-width:100%}}<\/style>\t\t<div class=\"elementor-image-gallery\">\n\t\t\t<div id='gallery-1' class='gallery galleryid-1324 gallery-columns-2 gallery-size-full'><figure class='gallery-item'>\n\t\t\t<div class='gallery-icon landscape'>\n\t\t\t\t<a data-elementor-open-lightbox=\"yes\" data-elementor-lightbox-slideshow=\"17f3d04\" data-elementor-lightbox-title=\"1-min\" data-e-action-hash=\"#elementor-action%3Aaction%3Dlightbox%26settings%3DeyJpZCI6MTE2NSwidXJsIjoiaHR0cHM6XC9cL3Byb2pldG9yZWNvbmVjdGEuY29tXC93cC1jb250ZW50XC91cGxvYWRzXC8yMDIzXC8wNVwvMS1taW4uanBnIiwic2xpZGVzaG93IjoiMTdmM2QwNCJ9\" href='https:\/\/projetoreconecta.com\/wp-content\/uploads\/2023\/05\/1-min.jpg'><img width=\"1920\" height=\"1080\" src=\"https:\/\/projetoreconecta.com\/wp-content\/uploads\/2023\/05\/1-min.jpg\" class=\"attachment-full size-full\" alt=\"\" decoding=\"async\" loading=\"lazy\" srcset=\"https:\/\/projetoreconecta.com\/wp-content\/uploads\/2023\/05\/1-min.jpg 1920w, https:\/\/projetoreconecta.com\/wp-content\/uploads\/2023\/05\/1-min-300x169.jpg 300w, https:\/\/projetoreconecta.com\/wp-content\/uploads\/2023\/05\/1-min-1024x576.jpg 1024w, https:\/\/projetoreconecta.com\/wp-content\/uploads\/2023\/05\/1-min-768x432.jpg 768w, https:\/\/projetoreconecta.com\/wp-content\/uploads\/2023\/05\/1-min-1536x864.jpg 1536w\" sizes=\"(max-width: 1920px) 100vw, 1920px\" \/><\/a>\n\t\t\t<\/div><\/figure><figure class='gallery-item'>\n\t\t\t<div class='gallery-icon landscape'>\n\t\t\t\t<a data-elementor-open-lightbox=\"yes\" data-elementor-lightbox-slideshow=\"17f3d04\" data-elementor-lightbox-title=\"2-min\" data-e-action-hash=\"#elementor-action%3Aaction%3Dlightbox%26settings%3DeyJpZCI6MTE2NiwidXJsIjoiaHR0cHM6XC9cL3Byb2pldG9yZWNvbmVjdGEuY29tXC93cC1jb250ZW50XC91cGxvYWRzXC8yMDIzXC8wNVwvMi1taW4uanBnIiwic2xpZGVzaG93IjoiMTdmM2QwNCJ9\" href='https:\/\/projetoreconecta.com\/wp-content\/uploads\/2023\/05\/2-min.jpg'><img width=\"1920\" height=\"1080\" src=\"https:\/\/projetoreconecta.com\/wp-content\/uploads\/2023\/05\/2-min.jpg\" class=\"attachment-full size-full\" alt=\"\" decoding=\"async\" loading=\"lazy\" srcset=\"https:\/\/projetoreconecta.com\/wp-content\/uploads\/2023\/05\/2-min.jpg 1920w, https:\/\/projetoreconecta.com\/wp-content\/uploads\/2023\/05\/2-min-300x169.jpg 300w, https:\/\/projetoreconecta.com\/wp-content\/uploads\/2023\/05\/2-min-1024x576.jpg 1024w, https:\/\/projetoreconecta.com\/wp-content\/uploads\/2023\/05\/2-min-768x432.jpg 768w, https:\/\/projetoreconecta.com\/wp-content\/uploads\/2023\/05\/2-min-1536x864.jpg 1536w\" sizes=\"(max-width: 1920px) 100vw, 1920px\" \/><\/a>\n\t\t\t<\/div><\/figure><figure class='gallery-item'>\n\t\t\t<div class='gallery-icon landscape'>\n\t\t\t\t<a data-elementor-open-lightbox=\"yes\" data-elementor-lightbox-slideshow=\"17f3d04\" data-elementor-lightbox-title=\"3-min\" data-e-action-hash=\"#elementor-action%3Aaction%3Dlightbox%26settings%3DeyJpZCI6MTE2NywidXJsIjoiaHR0cHM6XC9cL3Byb2pldG9yZWNvbmVjdGEuY29tXC93cC1jb250ZW50XC91cGxvYWRzXC8yMDIzXC8wNVwvMy1taW4uanBnIiwic2xpZGVzaG93IjoiMTdmM2QwNCJ9\" href='https:\/\/projetoreconecta.com\/wp-content\/uploads\/2023\/05\/3-min.jpg'><img width=\"1920\" height=\"1080\" src=\"https:\/\/projetoreconecta.com\/wp-content\/uploads\/2023\/05\/3-min.jpg\" class=\"attachment-full size-full\" alt=\"\" decoding=\"async\" loading=\"lazy\" srcset=\"https:\/\/projetoreconecta.com\/wp-content\/uploads\/2023\/05\/3-min.jpg 1920w, https:\/\/projetoreconecta.com\/wp-content\/uploads\/2023\/05\/3-min-300x169.jpg 300w, https:\/\/projetoreconecta.com\/wp-content\/uploads\/2023\/05\/3-min-1024x576.jpg 1024w, https:\/\/projetoreconecta.com\/wp-content\/uploads\/2023\/05\/3-min-768x432.jpg 768w, https:\/\/projetoreconecta.com\/wp-content\/uploads\/2023\/05\/3-min-1536x864.jpg 1536w\" sizes=\"(max-width: 1920px) 100vw, 1920px\" \/><\/a>\n\t\t\t<\/div><\/figure><figure class='gallery-item'>\n\t\t\t<div class='gallery-icon landscape'>\n\t\t\t\t<a data-elementor-open-lightbox=\"yes\" data-elementor-lightbox-slideshow=\"17f3d04\" data-elementor-lightbox-title=\"4-min\" data-e-action-hash=\"#elementor-action%3Aaction%3Dlightbox%26settings%3DeyJpZCI6MTE2OCwidXJsIjoiaHR0cHM6XC9cL3Byb2pldG9yZWNvbmVjdGEuY29tXC93cC1jb250ZW50XC91cGxvYWRzXC8yMDIzXC8wNVwvNC1taW4uanBnIiwic2xpZGVzaG93IjoiMTdmM2QwNCJ9\" href='https:\/\/projetoreconecta.com\/wp-content\/uploads\/2023\/05\/4-min.jpg'><img width=\"1920\" height=\"1080\" src=\"https:\/\/projetoreconecta.com\/wp-content\/uploads\/2023\/05\/4-min.jpg\" class=\"attachment-full size-full\" alt=\"\" decoding=\"async\" loading=\"lazy\" srcset=\"https:\/\/projetoreconecta.com\/wp-content\/uploads\/2023\/05\/4-min.jpg 1920w, https:\/\/projetoreconecta.com\/wp-content\/uploads\/2023\/05\/4-min-300x169.jpg 300w, https:\/\/projetoreconecta.com\/wp-content\/uploads\/2023\/05\/4-min-1024x576.jpg 1024w, https:\/\/projetoreconecta.com\/wp-content\/uploads\/2023\/05\/4-min-768x432.jpg 768w, https:\/\/projetoreconecta.com\/wp-content\/uploads\/2023\/05\/4-min-1536x864.jpg 1536w\" sizes=\"(max-width: 1920px) 100vw, 1920px\" \/><\/a>\n\t\t\t<\/div><\/figure>\n\t\t<\/div>\n\t\t<\/div>\n\t\t\t\t<\/div>\n\t\t\t\t<\/div>\n\t\t\t\t<\/div>\n\t\t<div class=\"elementor-element elementor-element-4ef47d2 e-flex e-con-boxed e-con\" data-id=\"4ef47d2\" data-element_type=\"container\" data-settings=\"{&quot;content_width&quot;:&quot;boxed&quot;}\">\n\t\t\t\t\t<div class=\"e-con-inner\">\n\t\t\t\t\t<\/div>\n\t\t\t\t<\/div>\n\t\t\t\t\t\t\t<\/div>\n\t\t","protected":false},"excerpt":{"rendered":"<p>Engajamento com a Comunidade Ind\u00edgena A proposta do Projeto Reconecta \u00e9 unir o conhecimento tradicional ind\u00edgena com ci\u00eancia de ponta para conservar as esp\u00e9cies arbor\u00edcolas da Amaz\u00f4nia por meio de pontes de dossel sobre a BR-174. A comunidade ind\u00edgena Waimiri-Atroari tem um papel fundamental para o sucesso do Projeto Reconecta, pois ajudou ativamente, com base [&hellip;]<\/p>\n","protected":false},"author":1,"featured_media":0,"parent":1285,"menu_order":0,"comment_status":"closed","ping_status":"closed","template":"","meta":[],"_links":{"self":[{"href":"https:\/\/projetoreconecta.com\/pt-br\/wp-json\/wp\/v2\/pages\/1324"}],"collection":[{"href":"https:\/\/projetoreconecta.com\/pt-br\/wp-json\/wp\/v2\/pages"}],"about":[{"href":"https:\/\/projetoreconecta.com\/pt-br\/wp-json\/wp\/v2\/types\/page"}],"author":[{"embeddable":true,"href":"https:\/\/projetoreconecta.com\/pt-br\/wp-json\/wp\/v2\/users\/1"}],"replies":[{"embeddable":true,"href":"https:\/\/projetoreconecta.com\/pt-br\/wp-json\/wp\/v2\/comments?post=1324"}],"version-history":[{"count":3,"href":"https:\/\/projetoreconecta.com\/pt-br\/wp-json\/wp\/v2\/pages\/1324\/revisions"}],"predecessor-version":[{"id":1327,"href":"https:\/\/projetoreconecta.com\/pt-br\/wp-json\/wp\/v2\/pages\/1324\/revisions\/1327"}],"up":[{"embeddable":true,"href":"https:\/\/projetoreconecta.com\/pt-br\/wp-json\/wp\/v2\/pages\/1285"}],"wp:attachment":[{"href":"https:\/\/projetoreconecta.com\/pt-br\/wp-json\/wp\/v2\/media?parent=1324"}],"curies":[{"name":"wp","href":"https:\/\/api.w.org\/{rel}","templated":true}]}}