{"id":1339,"date":"2023-05-20T19:55:36","date_gmt":"2023-05-20T19:55:36","guid":{"rendered":"https:\/\/projetoreconecta.com\/about\/tionandinstallationofartificialcanopybridges\/"},"modified":"2023-05-26T22:39:14","modified_gmt":"2023-05-26T22:39:14","slug":"tionandinstallationofartificialcanopybridges","status":"publish","type":"page","link":"https:\/\/projetoreconecta.com\/pt-br\/about\/tionandinstallationofartificialcanopybridges\/","title":{"rendered":"Tion and Installation of Artificial Canopy Bridges"},"content":{"rendered":"\t\t<div data-elementor-type=\"wp-page\" data-elementor-id=\"1339\" class=\"elementor elementor-1339\" data-elementor-post-type=\"page\">\n\t\t\t\t\t\t\t<div class=\"elementor-element elementor-element-ccc6cbd e-flex e-con-boxed e-con\" data-id=\"ccc6cbd\" data-element_type=\"container\" data-settings=\"{&quot;content_width&quot;:&quot;boxed&quot;}\">\n\t\t\t\t\t<div class=\"e-con-inner\">\n\t\t\t\t<div class=\"elementor-element elementor-element-f304f2c elementor-widget__width-inherit elementor-widget-mobile__width-inherit elementor-widget elementor-widget-text-editor\" data-id=\"f304f2c\" data-element_type=\"widget\" data-widget_type=\"text-editor.default\">\n\t\t\t\t<div class=\"elementor-widget-container\">\n\t\t\t<style>\/*! elementor - v3.15.0 - 20-08-2023 *\/\n.elementor-widget-text-editor.elementor-drop-cap-view-stacked .elementor-drop-cap{background-color:#69727d;color:#fff}.elementor-widget-text-editor.elementor-drop-cap-view-framed .elementor-drop-cap{color:#69727d;border:3px solid;background-color:transparent}.elementor-widget-text-editor:not(.elementor-drop-cap-view-default) .elementor-drop-cap{margin-top:8px}.elementor-widget-text-editor:not(.elementor-drop-cap-view-default) .elementor-drop-cap-letter{width:1em;height:1em}.elementor-widget-text-editor .elementor-drop-cap{float:left;text-align:center;line-height:1;font-size:50px}.elementor-widget-text-editor .elementor-drop-cap-letter{display:inline-block}<\/style>\t\t\t\tConstru\u00e7\u00e3o e Instala\u00e7\u00e3o de Pontes Artificias de Dossel\t\t\t\t\t\t<\/div>\n\t\t\t\t<\/div>\n\t\t\t\t<div class=\"elementor-element elementor-element-b1cc15f elementor-widget__width-inherit elementor-widget-mobile__width-inherit elementor-widget elementor-widget-text-editor\" data-id=\"b1cc15f\" data-element_type=\"widget\" data-widget_type=\"text-editor.default\">\n\t\t\t\t<div class=\"elementor-widget-container\">\n\t\t\t\t\t\t\t<p>Constru\u00edmos e Instalamos 30 pontes de dossel em 15 locais ao longo da BR-174 dentro do Territ\u00f3rio Ind\u00edgena Waimiri-Atroari. Em cada local, est\u00e3o dois modelos diferentes de pontes para que possamos avaliar qual modelo \u00e9 mais adequado \u00e0s esp\u00e9cies arbor\u00edcolas com diferentes modos de locomo\u00e7\u00e3o.<br \/>As caracter\u00edsticas das pontes de dossel s\u00e3o baseadas nos seguintes crit\u00e9rios:<\/p><p><em><strong>1) Baixo custo de materiais, para contemplar tanto o or\u00e7amento do projeto quanto para permitir uma potencial implementa\u00e7\u00e3o em larga escala por profissionais da \u00e1rea (se justificado com base nos resultados de nosso estudo);<\/strong><\/em><\/p><p><em><strong>2) Disponibilidade local de materiais, o que reduz custos e aumenta a probabilidade de que as pontes de dossel, se comprovadamente eficazes, sejam instaladas em larga escala.<\/strong><\/em><\/p>\t\t\t\t\t\t<\/div>\n\t\t\t\t<\/div>\n\t\t\t\t<div class=\"elementor-element elementor-element-11dde3c elementor-widget elementor-widget-image\" data-id=\"11dde3c\" data-element_type=\"widget\" data-widget_type=\"image.default\">\n\t\t\t\t<div class=\"elementor-widget-container\">\n\t\t\t<style>\/*! elementor - v3.15.0 - 20-08-2023 *\/\n.elementor-widget-image{text-align:center}.elementor-widget-image a{display:inline-block}.elementor-widget-image a img[src$=\".svg\"]{width:48px}.elementor-widget-image img{vertical-align:middle;display:inline-block}<\/style>\t\t\t\t\t\t\t\t\t\t\t\t<img decoding=\"async\" width=\"1200\" height=\"675\" src=\"https:\/\/projetoreconecta.com\/wp-content\/uploads\/2023\/05\/RECONECTA_Pontes-min.jpg\" class=\"attachment-full size-full wp-image-981\" alt=\"\" loading=\"lazy\" srcset=\"https:\/\/projetoreconecta.com\/wp-content\/uploads\/2023\/05\/RECONECTA_Pontes-min.jpg 1200w, https:\/\/projetoreconecta.com\/wp-content\/uploads\/2023\/05\/RECONECTA_Pontes-min-300x169.jpg 300w, https:\/\/projetoreconecta.com\/wp-content\/uploads\/2023\/05\/RECONECTA_Pontes-min-1024x576.jpg 1024w, https:\/\/projetoreconecta.com\/wp-content\/uploads\/2023\/05\/RECONECTA_Pontes-min-768x432.jpg 768w\" sizes=\"(max-width: 1200px) 100vw, 1200px\" \/>\t\t\t\t\t\t\t\t\t\t\t\t\t\t\t<\/div>\n\t\t\t\t<\/div>\n\t\t\t\t<div class=\"elementor-element elementor-element-f907d0f elementor-widget__width-inherit elementor-widget-mobile__width-inherit elementor-widget elementor-widget-text-editor\" data-id=\"f907d0f\" data-element_type=\"widget\" data-widget_type=\"text-editor.default\">\n\t\t\t\t<div class=\"elementor-widget-container\">\n\t\t\t\t\t\t\t<p>Um dos modelos de ponte consiste em uma estrutura linear feita de corda tran\u00e7ada e um cabo de a\u00e7o. O outro modelo foi constru\u00eddo com uma rede de cordas, tubos com pol\u00edmeros de alta densidade e cabos de a\u00e7o. As pontes est\u00e3o ancoradas em postes de concreto e conectam os dois lados da rodovia a n\u00edvel do dossel florestal.<\/p><p>Os locais para a coloca\u00e7\u00e3o de pontes artificiais de dossel foram determinados pelas lideran\u00e7as da comunidade Waimiri-Atroari com base em seu conhecimento sobre a mortalidade de esp\u00e9cies arbor\u00edcolas na rodovia de estudo e avistamentos, especialmente para o macaco-aranha (Ateles paniscus).<\/p><p>O par de pontes artificiais de dossel em cada local de amostragem ter\u00e1 no m\u00e1ximo 1 metro de dist\u00e2ncia, apresentando efetivamente aos animais uma escolha entre os dois designs.<\/p>\t\t\t\t\t\t<\/div>\n\t\t\t\t<\/div>\n\t\t\t\t\t<\/div>\n\t\t\t\t<\/div>\n\t\t<div class=\"elementor-element elementor-element-b821a8d e-con-full e-flex e-con\" data-id=\"b821a8d\" data-element_type=\"container\" data-settings=\"{&quot;content_width&quot;:&quot;full&quot;}\">\n\t\t\t\t<div class=\"elementor-element elementor-element-c054400 elementor-pagination-position-inside carosel elementor-widget elementor-widget-image-carousel\" data-id=\"c054400\" data-element_type=\"widget\" data-settings=\"{&quot;slides_to_show&quot;:&quot;5&quot;,&quot;slides_to_scroll&quot;:&quot;1&quot;,&quot;navigation&quot;:&quot;dots&quot;,&quot;pause_on_hover&quot;:&quot;no&quot;,&quot;pause_on_interaction&quot;:&quot;no&quot;,&quot;autoplay_speed&quot;:0,&quot;speed&quot;:8000,&quot;image_spacing_custom&quot;:{&quot;unit&quot;:&quot;px&quot;,&quot;size&quot;:0,&quot;sizes&quot;:[]},&quot;infinite&quot;:&quot;no&quot;,&quot;autoplay&quot;:&quot;yes&quot;,&quot;image_spacing_custom_tablet&quot;:{&quot;unit&quot;:&quot;px&quot;,&quot;size&quot;:&quot;&quot;,&quot;sizes&quot;:[]},&quot;image_spacing_custom_mobile&quot;:{&quot;unit&quot;:&quot;px&quot;,&quot;size&quot;:&quot;&quot;,&quot;sizes&quot;:[]}}\" data-widget_type=\"image-carousel.default\">\n\t\t\t\t<div class=\"elementor-widget-container\">\n\t\t\t<style>\/*! elementor - v3.15.0 - 20-08-2023 *\/\n.elementor-widget-image-carousel .swiper,.elementor-widget-image-carousel .swiper-container{position:static}.elementor-widget-image-carousel .swiper-container .swiper-slide figure,.elementor-widget-image-carousel .swiper .swiper-slide figure{line-height:inherit}.elementor-widget-image-carousel .swiper-slide{text-align:center}.elementor-image-carousel-wrapper:not(.swiper-container-initialized):not(.swiper-initialized) .swiper-slide{max-width:calc(100% \/ var(--e-image-carousel-slides-to-show, 3))}<\/style>\t\t<div class=\"elementor-image-carousel-wrapper swiper\" dir=\"ltr\">\n\t\t\t<div class=\"elementor-image-carousel swiper-wrapper\" aria-live=\"off\">\n\t\t\t\t\t\t\t\t<div class=\"swiper-slide\" role=\"group\" aria-roledescription=\"slide\" aria-label=\"1 of 19\"><a data-elementor-open-lightbox=\"yes\" data-elementor-lightbox-slideshow=\"c054400\" data-elementor-lightbox-title=\"4-min\" data-e-action-hash=\"#elementor-action%3Aaction%3Dlightbox%26settings%3DeyJpZCI6OTc2LCJ1cmwiOiJodHRwczpcL1wvcHJvamV0b3JlY29uZWN0YS5jb21cL3dwLWNvbnRlbnRcL3VwbG9hZHNcLzIwMjNcLzA1XC80LW1pbi0yLmpwZyIsInNsaWRlc2hvdyI6ImMwNTQ0MDAifQ%3D%3D\" href=\"https:\/\/projetoreconecta.com\/wp-content\/uploads\/2023\/05\/4-min-2.jpg\"><figure class=\"swiper-slide-inner\"><img decoding=\"async\" class=\"swiper-slide-image\" src=\"https:\/\/projetoreconecta.com\/wp-content\/uploads\/2023\/05\/4-min-2.jpg\" alt=\"4-min\" \/><\/figure><\/a><\/div><div class=\"swiper-slide\" role=\"group\" aria-roledescription=\"slide\" aria-label=\"2 of 19\"><a data-elementor-open-lightbox=\"yes\" data-elementor-lightbox-slideshow=\"c054400\" data-elementor-lightbox-title=\"5-min\" data-e-action-hash=\"#elementor-action%3Aaction%3Dlightbox%26settings%3DeyJpZCI6OTc3LCJ1cmwiOiJodHRwczpcL1wvcHJvamV0b3JlY29uZWN0YS5jb21cL3dwLWNvbnRlbnRcL3VwbG9hZHNcLzIwMjNcLzA1XC81LW1pbi0xLmpwZyIsInNsaWRlc2hvdyI6ImMwNTQ0MDAifQ%3D%3D\" href=\"https:\/\/projetoreconecta.com\/wp-content\/uploads\/2023\/05\/5-min-1.jpg\"><figure class=\"swiper-slide-inner\"><img decoding=\"async\" class=\"swiper-slide-image\" src=\"https:\/\/projetoreconecta.com\/wp-content\/uploads\/2023\/05\/5-min-1.jpg\" alt=\"5-min\" \/><\/figure><\/a><\/div><div class=\"swiper-slide\" role=\"group\" aria-roledescription=\"slide\" aria-label=\"3 of 19\"><a data-elementor-open-lightbox=\"yes\" data-elementor-lightbox-slideshow=\"c054400\" data-elementor-lightbox-title=\"6-min\" data-e-action-hash=\"#elementor-action%3Aaction%3Dlightbox%26settings%3DeyJpZCI6OTc4LCJ1cmwiOiJodHRwczpcL1wvcHJvamV0b3JlY29uZWN0YS5jb21cL3dwLWNvbnRlbnRcL3VwbG9hZHNcLzIwMjNcLzA1XC82LW1pbi0xLmpwZyIsInNsaWRlc2hvdyI6ImMwNTQ0MDAifQ%3D%3D\" href=\"https:\/\/projetoreconecta.com\/wp-content\/uploads\/2023\/05\/6-min-1.jpg\"><figure class=\"swiper-slide-inner\"><img decoding=\"async\" class=\"swiper-slide-image\" src=\"https:\/\/projetoreconecta.com\/wp-content\/uploads\/2023\/05\/6-min-1.jpg\" alt=\"6-min\" \/><\/figure><\/a><\/div><div class=\"swiper-slide\" role=\"group\" aria-roledescription=\"slide\" aria-label=\"4 of 19\"><a data-elementor-open-lightbox=\"yes\" data-elementor-lightbox-slideshow=\"c054400\" data-elementor-lightbox-title=\"DJI_0443-min\" data-e-action-hash=\"#elementor-action%3Aaction%3Dlightbox%26settings%3DeyJpZCI6OTc5LCJ1cmwiOiJodHRwczpcL1wvcHJvamV0b3JlY29uZWN0YS5jb21cL3dwLWNvbnRlbnRcL3VwbG9hZHNcLzIwMjNcLzA1XC9ESklfMDQ0My1taW4uanBnIiwic2xpZGVzaG93IjoiYzA1NDQwMCJ9\" href=\"https:\/\/projetoreconecta.com\/wp-content\/uploads\/2023\/05\/DJI_0443-min.jpg\"><figure class=\"swiper-slide-inner\"><img decoding=\"async\" class=\"swiper-slide-image\" src=\"https:\/\/projetoreconecta.com\/wp-content\/uploads\/2023\/05\/DJI_0443-min.jpg\" alt=\"DJI_0443-min\" \/><\/figure><\/a><\/div><div class=\"swiper-slide\" role=\"group\" aria-roledescription=\"slide\" aria-label=\"5 of 19\"><a data-elementor-open-lightbox=\"yes\" data-elementor-lightbox-slideshow=\"c054400\" data-elementor-lightbox-title=\"DJI_0606-min\" data-e-action-hash=\"#elementor-action%3Aaction%3Dlightbox%26settings%3DeyJpZCI6OTgwLCJ1cmwiOiJodHRwczpcL1wvcHJvamV0b3JlY29uZWN0YS5jb21cL3dwLWNvbnRlbnRcL3VwbG9hZHNcLzIwMjNcLzA1XC9ESklfMDYwNi1taW4uanBnIiwic2xpZGVzaG93IjoiYzA1NDQwMCJ9\" href=\"https:\/\/projetoreconecta.com\/wp-content\/uploads\/2023\/05\/DJI_0606-min.jpg\"><figure class=\"swiper-slide-inner\"><img decoding=\"async\" class=\"swiper-slide-image\" src=\"https:\/\/projetoreconecta.com\/wp-content\/uploads\/2023\/05\/DJI_0606-min.jpg\" alt=\"DJI_0606-min\" \/><\/figure><\/a><\/div><div class=\"swiper-slide\" role=\"group\" aria-roledescription=\"slide\" aria-label=\"6 of 19\"><a data-elementor-open-lightbox=\"yes\" data-elementor-lightbox-slideshow=\"c054400\" data-elementor-lightbox-title=\"_AAG3371-min\" data-e-action-hash=\"#elementor-action%3Aaction%3Dlightbox%26settings%3DeyJpZCI6OTgyLCJ1cmwiOiJodHRwczpcL1wvcHJvamV0b3JlY29uZWN0YS5jb21cL3dwLWNvbnRlbnRcL3VwbG9hZHNcLzIwMjNcLzA1XC9BQUczMzcxLW1pbi0xLmpwZyIsInNsaWRlc2hvdyI6ImMwNTQ0MDAifQ%3D%3D\" href=\"https:\/\/projetoreconecta.com\/wp-content\/uploads\/2023\/05\/AAG3371-min-1.jpg\"><figure class=\"swiper-slide-inner\"><img decoding=\"async\" class=\"swiper-slide-image\" src=\"https:\/\/projetoreconecta.com\/wp-content\/uploads\/2023\/05\/AAG3371-min-1.jpg\" alt=\"_AAG3371-min\" \/><\/figure><\/a><\/div><div class=\"swiper-slide\" role=\"group\" aria-roledescription=\"slide\" aria-label=\"7 of 19\"><a data-elementor-open-lightbox=\"yes\" data-elementor-lightbox-slideshow=\"c054400\" data-elementor-lightbox-title=\"_AAG7880-min\" data-e-action-hash=\"#elementor-action%3Aaction%3Dlightbox%26settings%3DeyJpZCI6OTgzLCJ1cmwiOiJodHRwczpcL1wvcHJvamV0b3JlY29uZWN0YS5jb21cL3dwLWNvbnRlbnRcL3VwbG9hZHNcLzIwMjNcLzA1XC9BQUc3ODgwLW1pbi5qcGciLCJzbGlkZXNob3ciOiJjMDU0NDAwIn0%3D\" href=\"https:\/\/projetoreconecta.com\/wp-content\/uploads\/2023\/05\/AAG7880-min.jpg\"><figure class=\"swiper-slide-inner\"><img decoding=\"async\" class=\"swiper-slide-image\" src=\"https:\/\/projetoreconecta.com\/wp-content\/uploads\/2023\/05\/AAG7880-min.jpg\" alt=\"_AAG7880-min\" \/><\/figure><\/a><\/div><div class=\"swiper-slide\" role=\"group\" aria-roledescription=\"slide\" aria-label=\"8 of 19\"><a data-elementor-open-lightbox=\"yes\" data-elementor-lightbox-slideshow=\"c054400\" data-elementor-lightbox-title=\"_AAG7969-min\" data-e-action-hash=\"#elementor-action%3Aaction%3Dlightbox%26settings%3DeyJpZCI6OTg0LCJ1cmwiOiJodHRwczpcL1wvcHJvamV0b3JlY29uZWN0YS5jb21cL3dwLWNvbnRlbnRcL3VwbG9hZHNcLzIwMjNcLzA1XC9BQUc3OTY5LW1pbi5qcGciLCJzbGlkZXNob3ciOiJjMDU0NDAwIn0%3D\" href=\"https:\/\/projetoreconecta.com\/wp-content\/uploads\/2023\/05\/AAG7969-min.jpg\"><figure class=\"swiper-slide-inner\"><img decoding=\"async\" class=\"swiper-slide-image\" src=\"https:\/\/projetoreconecta.com\/wp-content\/uploads\/2023\/05\/AAG7969-min.jpg\" alt=\"_AAG7969-min\" \/><\/figure><\/a><\/div><div class=\"swiper-slide\" role=\"group\" aria-roledescription=\"slide\" aria-label=\"9 of 19\"><a data-elementor-open-lightbox=\"yes\" data-elementor-lightbox-slideshow=\"c054400\" data-elementor-lightbox-title=\"_AAG8692-min\" data-e-action-hash=\"#elementor-action%3Aaction%3Dlightbox%26settings%3DeyJpZCI6OTg1LCJ1cmwiOiJodHRwczpcL1wvcHJvamV0b3JlY29uZWN0YS5jb21cL3dwLWNvbnRlbnRcL3VwbG9hZHNcLzIwMjNcLzA1XC9BQUc4NjkyLW1pbi5qcGciLCJzbGlkZXNob3ciOiJjMDU0NDAwIn0%3D\" href=\"https:\/\/projetoreconecta.com\/wp-content\/uploads\/2023\/05\/AAG8692-min.jpg\"><figure class=\"swiper-slide-inner\"><img decoding=\"async\" class=\"swiper-slide-image\" src=\"https:\/\/projetoreconecta.com\/wp-content\/uploads\/2023\/05\/AAG8692-min.jpg\" alt=\"_AAG8692-min\" \/><\/figure><\/a><\/div><div class=\"swiper-slide\" role=\"group\" aria-roledescription=\"slide\" aria-label=\"10 of 19\"><a data-elementor-open-lightbox=\"yes\" data-elementor-lightbox-slideshow=\"c054400\" data-elementor-lightbox-title=\"_AAG8734-min\" data-e-action-hash=\"#elementor-action%3Aaction%3Dlightbox%26settings%3DeyJpZCI6OTg2LCJ1cmwiOiJodHRwczpcL1wvcHJvamV0b3JlY29uZWN0YS5jb21cL3dwLWNvbnRlbnRcL3VwbG9hZHNcLzIwMjNcLzA1XC9BQUc4NzM0LW1pbi0xLmpwZyIsInNsaWRlc2hvdyI6ImMwNTQ0MDAifQ%3D%3D\" href=\"https:\/\/projetoreconecta.com\/wp-content\/uploads\/2023\/05\/AAG8734-min-1.jpg\"><figure class=\"swiper-slide-inner\"><img decoding=\"async\" class=\"swiper-slide-image\" src=\"https:\/\/projetoreconecta.com\/wp-content\/uploads\/2023\/05\/AAG8734-min-1.jpg\" alt=\"_AAG8734-min\" \/><\/figure><\/a><\/div><div class=\"swiper-slide\" role=\"group\" aria-roledescription=\"slide\" aria-label=\"11 of 19\"><a data-elementor-open-lightbox=\"yes\" data-elementor-lightbox-slideshow=\"c054400\" data-elementor-lightbox-title=\"_AAG8781-min\" data-e-action-hash=\"#elementor-action%3Aaction%3Dlightbox%26settings%3DeyJpZCI6OTg3LCJ1cmwiOiJodHRwczpcL1wvcHJvamV0b3JlY29uZWN0YS5jb21cL3dwLWNvbnRlbnRcL3VwbG9hZHNcLzIwMjNcLzA1XC9BQUc4NzgxLW1pbi5qcGciLCJzbGlkZXNob3ciOiJjMDU0NDAwIn0%3D\" href=\"https:\/\/projetoreconecta.com\/wp-content\/uploads\/2023\/05\/AAG8781-min.jpg\"><figure class=\"swiper-slide-inner\"><img decoding=\"async\" class=\"swiper-slide-image\" src=\"https:\/\/projetoreconecta.com\/wp-content\/uploads\/2023\/05\/AAG8781-min.jpg\" alt=\"_AAG8781-min\" \/><\/figure><\/a><\/div><div class=\"swiper-slide\" role=\"group\" aria-roledescription=\"slide\" aria-label=\"12 of 19\"><a data-elementor-open-lightbox=\"yes\" data-elementor-lightbox-slideshow=\"c054400\" data-elementor-lightbox-title=\"_AAG8785-min\" data-e-action-hash=\"#elementor-action%3Aaction%3Dlightbox%26settings%3DeyJpZCI6OTg4LCJ1cmwiOiJodHRwczpcL1wvcHJvamV0b3JlY29uZWN0YS5jb21cL3dwLWNvbnRlbnRcL3VwbG9hZHNcLzIwMjNcLzA1XC9BQUc4Nzg1LW1pbi5qcGciLCJzbGlkZXNob3ciOiJjMDU0NDAwIn0%3D\" href=\"https:\/\/projetoreconecta.com\/wp-content\/uploads\/2023\/05\/AAG8785-min.jpg\"><figure class=\"swiper-slide-inner\"><img decoding=\"async\" class=\"swiper-slide-image\" src=\"https:\/\/projetoreconecta.com\/wp-content\/uploads\/2023\/05\/AAG8785-min.jpg\" alt=\"_AAG8785-min\" \/><\/figure><\/a><\/div><div class=\"swiper-slide\" role=\"group\" aria-roledescription=\"slide\" aria-label=\"13 of 19\"><a data-elementor-open-lightbox=\"yes\" data-elementor-lightbox-slideshow=\"c054400\" data-elementor-lightbox-title=\"_AAG8809-min\" data-e-action-hash=\"#elementor-action%3Aaction%3Dlightbox%26settings%3DeyJpZCI6OTg5LCJ1cmwiOiJodHRwczpcL1wvcHJvamV0b3JlY29uZWN0YS5jb21cL3dwLWNvbnRlbnRcL3VwbG9hZHNcLzIwMjNcLzA1XC9BQUc4ODA5LW1pbi0xLmpwZyIsInNsaWRlc2hvdyI6ImMwNTQ0MDAifQ%3D%3D\" href=\"https:\/\/projetoreconecta.com\/wp-content\/uploads\/2023\/05\/AAG8809-min-1.jpg\"><figure class=\"swiper-slide-inner\"><img decoding=\"async\" class=\"swiper-slide-image\" src=\"https:\/\/projetoreconecta.com\/wp-content\/uploads\/2023\/05\/AAG8809-min-1.jpg\" alt=\"_AAG8809-min\" \/><\/figure><\/a><\/div><div class=\"swiper-slide\" role=\"group\" aria-roledescription=\"slide\" aria-label=\"14 of 19\"><a data-elementor-open-lightbox=\"yes\" data-elementor-lightbox-slideshow=\"c054400\" data-elementor-lightbox-title=\"_AAG9006-min\" data-e-action-hash=\"#elementor-action%3Aaction%3Dlightbox%26settings%3DeyJpZCI6OTkwLCJ1cmwiOiJodHRwczpcL1wvcHJvamV0b3JlY29uZWN0YS5jb21cL3dwLWNvbnRlbnRcL3VwbG9hZHNcLzIwMjNcLzA1XC9BQUc5MDA2LW1pbi0xLmpwZyIsInNsaWRlc2hvdyI6ImMwNTQ0MDAifQ%3D%3D\" href=\"https:\/\/projetoreconecta.com\/wp-content\/uploads\/2023\/05\/AAG9006-min-1.jpg\"><figure class=\"swiper-slide-inner\"><img decoding=\"async\" class=\"swiper-slide-image\" src=\"https:\/\/projetoreconecta.com\/wp-content\/uploads\/2023\/05\/AAG9006-min-1.jpg\" alt=\"_AAG9006-min\" \/><\/figure><\/a><\/div><div class=\"swiper-slide\" role=\"group\" aria-roledescription=\"slide\" aria-label=\"15 of 19\"><a data-elementor-open-lightbox=\"yes\" data-elementor-lightbox-slideshow=\"c054400\" data-elementor-lightbox-title=\"_AAG9009-min\" data-e-action-hash=\"#elementor-action%3Aaction%3Dlightbox%26settings%3DeyJpZCI6OTkxLCJ1cmwiOiJodHRwczpcL1wvcHJvamV0b3JlY29uZWN0YS5jb21cL3dwLWNvbnRlbnRcL3VwbG9hZHNcLzIwMjNcLzA1XC9BQUc5MDA5LW1pbi0xLmpwZyIsInNsaWRlc2hvdyI6ImMwNTQ0MDAifQ%3D%3D\" href=\"https:\/\/projetoreconecta.com\/wp-content\/uploads\/2023\/05\/AAG9009-min-1.jpg\"><figure class=\"swiper-slide-inner\"><img decoding=\"async\" class=\"swiper-slide-image\" src=\"https:\/\/projetoreconecta.com\/wp-content\/uploads\/2023\/05\/AAG9009-min-1.jpg\" alt=\"_AAG9009-min\" \/><\/figure><\/a><\/div><div class=\"swiper-slide\" role=\"group\" aria-roledescription=\"slide\" aria-label=\"16 of 19\"><a data-elementor-open-lightbox=\"yes\" data-elementor-lightbox-slideshow=\"c054400\" data-elementor-lightbox-title=\"_AAG9215-min\" data-e-action-hash=\"#elementor-action%3Aaction%3Dlightbox%26settings%3DeyJpZCI6OTkyLCJ1cmwiOiJodHRwczpcL1wvcHJvamV0b3JlY29uZWN0YS5jb21cL3dwLWNvbnRlbnRcL3VwbG9hZHNcLzIwMjNcLzA1XC9BQUc5MjE1LW1pbi5qcGciLCJzbGlkZXNob3ciOiJjMDU0NDAwIn0%3D\" href=\"https:\/\/projetoreconecta.com\/wp-content\/uploads\/2023\/05\/AAG9215-min.jpg\"><figure class=\"swiper-slide-inner\"><img decoding=\"async\" class=\"swiper-slide-image\" src=\"https:\/\/projetoreconecta.com\/wp-content\/uploads\/2023\/05\/AAG9215-min.jpg\" alt=\"_AAG9215-min\" \/><\/figure><\/a><\/div><div class=\"swiper-slide\" role=\"group\" aria-roledescription=\"slide\" aria-label=\"17 of 19\"><a data-elementor-open-lightbox=\"yes\" data-elementor-lightbox-slideshow=\"c054400\" data-elementor-lightbox-title=\"1-min\" data-e-action-hash=\"#elementor-action%3Aaction%3Dlightbox%26settings%3DeyJpZCI6OTkzLCJ1cmwiOiJodHRwczpcL1wvcHJvamV0b3JlY29uZWN0YS5jb21cL3dwLWNvbnRlbnRcL3VwbG9hZHNcLzIwMjNcLzA1XC8xLW1pbi0zLmpwZyIsInNsaWRlc2hvdyI6ImMwNTQ0MDAifQ%3D%3D\" href=\"https:\/\/projetoreconecta.com\/wp-content\/uploads\/2023\/05\/1-min-3.jpg\"><figure class=\"swiper-slide-inner\"><img decoding=\"async\" class=\"swiper-slide-image\" src=\"https:\/\/projetoreconecta.com\/wp-content\/uploads\/2023\/05\/1-min-3.jpg\" alt=\"1-min\" \/><\/figure><\/a><\/div><div class=\"swiper-slide\" role=\"group\" aria-roledescription=\"slide\" aria-label=\"18 of 19\"><a data-elementor-open-lightbox=\"yes\" data-elementor-lightbox-slideshow=\"c054400\" data-elementor-lightbox-title=\"2-min\" data-e-action-hash=\"#elementor-action%3Aaction%3Dlightbox%26settings%3DeyJpZCI6OTk0LCJ1cmwiOiJodHRwczpcL1wvcHJvamV0b3JlY29uZWN0YS5jb21cL3dwLWNvbnRlbnRcL3VwbG9hZHNcLzIwMjNcLzA1XC8yLW1pbi0zLmpwZyIsInNsaWRlc2hvdyI6ImMwNTQ0MDAifQ%3D%3D\" href=\"https:\/\/projetoreconecta.com\/wp-content\/uploads\/2023\/05\/2-min-3.jpg\"><figure class=\"swiper-slide-inner\"><img decoding=\"async\" class=\"swiper-slide-image\" src=\"https:\/\/projetoreconecta.com\/wp-content\/uploads\/2023\/05\/2-min-3.jpg\" alt=\"2-min\" \/><\/figure><\/a><\/div><div class=\"swiper-slide\" role=\"group\" aria-roledescription=\"slide\" aria-label=\"19 of 19\"><a data-elementor-open-lightbox=\"yes\" data-elementor-lightbox-slideshow=\"c054400\" data-elementor-lightbox-title=\"3-min\" data-e-action-hash=\"#elementor-action%3Aaction%3Dlightbox%26settings%3DeyJpZCI6OTk1LCJ1cmwiOiJodHRwczpcL1wvcHJvamV0b3JlY29uZWN0YS5jb21cL3dwLWNvbnRlbnRcL3VwbG9hZHNcLzIwMjNcLzA1XC8zLW1pbi0zLmpwZyIsInNsaWRlc2hvdyI6ImMwNTQ0MDAifQ%3D%3D\" href=\"https:\/\/projetoreconecta.com\/wp-content\/uploads\/2023\/05\/3-min-3.jpg\"><figure class=\"swiper-slide-inner\"><img decoding=\"async\" class=\"swiper-slide-image\" src=\"https:\/\/projetoreconecta.com\/wp-content\/uploads\/2023\/05\/3-min-3.jpg\" alt=\"3-min\" \/><\/figure><\/a><\/div>\t\t\t<\/div>\n\t\t\t\t\t\t\t\n\t\t\t\t\t\t\t\t\t<div class=\"swiper-pagination\"><\/div>\n\t\t\t\t\t\t\t\t\t<\/div>\n\t\t\t\t<\/div>\n\t\t\t\t<\/div>\n\t\t\t\t<\/div>\n\t\t\t\t\t\t\t<\/div>\n\t\t","protected":false},"excerpt":{"rendered":"<p>Constru\u00e7\u00e3o e Instala\u00e7\u00e3o de Pontes Artificias de Dossel Constru\u00edmos e Instalamos 30 pontes de dossel em 15 locais ao longo da BR-174 dentro do Territ\u00f3rio Ind\u00edgena Waimiri-Atroari. Em cada local, est\u00e3o dois modelos diferentes de pontes para que possamos avaliar qual modelo \u00e9 mais adequado \u00e0s esp\u00e9cies arbor\u00edcolas com diferentes modos de locomo\u00e7\u00e3o.As caracter\u00edsticas das [&hellip;]<\/p>\n","protected":false},"author":1,"featured_media":0,"parent":1285,"menu_order":0,"comment_status":"closed","ping_status":"closed","template":"","meta":[],"_links":{"self":[{"href":"https:\/\/projetoreconecta.com\/pt-br\/wp-json\/wp\/v2\/pages\/1339"}],"collection":[{"href":"https:\/\/projetoreconecta.com\/pt-br\/wp-json\/wp\/v2\/pages"}],"about":[{"href":"https:\/\/projetoreconecta.com\/pt-br\/wp-json\/wp\/v2\/types\/page"}],"author":[{"embeddable":true,"href":"https:\/\/projetoreconecta.com\/pt-br\/wp-json\/wp\/v2\/users\/1"}],"replies":[{"embeddable":true,"href":"https:\/\/projetoreconecta.com\/pt-br\/wp-json\/wp\/v2\/comments?post=1339"}],"version-history":[{"count":12,"href":"https:\/\/projetoreconecta.com\/pt-br\/wp-json\/wp\/v2\/pages\/1339\/revisions"}],"predecessor-version":[{"id":1456,"href":"https:\/\/projetoreconecta.com\/pt-br\/wp-json\/wp\/v2\/pages\/1339\/revisions\/1456"}],"up":[{"embeddable":true,"href":"https:\/\/projetoreconecta.com\/pt-br\/wp-json\/wp\/v2\/pages\/1285"}],"wp:attachment":[{"href":"https:\/\/projetoreconecta.com\/pt-br\/wp-json\/wp\/v2\/media?parent=1339"}],"curies":[{"name":"wp","href":"https:\/\/api.w.org\/{rel}","templated":true}]}}