{"id":1344,"date":"2023-05-20T19:56:38","date_gmt":"2023-05-20T19:56:38","guid":{"rendered":"https:\/\/projetoreconecta.com\/about\/wildliferoadkillmonitoring\/"},"modified":"2023-05-25T14:05:43","modified_gmt":"2023-05-25T14:05:43","slug":"wildliferoadkillmonitoring","status":"publish","type":"page","link":"https:\/\/projetoreconecta.com\/pt-br\/about\/wildliferoadkillmonitoring\/","title":{"rendered":"Wildlife Roadkill Monitoring"},"content":{"rendered":"\t\t<div data-elementor-type=\"wp-page\" data-elementor-id=\"1344\" class=\"elementor elementor-1344\" data-elementor-post-type=\"page\">\n\t\t\t\t\t\t\t<div class=\"elementor-element elementor-element-ac0322d e-flex e-con-boxed e-con\" data-id=\"ac0322d\" data-element_type=\"container\" data-settings=\"{&quot;content_width&quot;:&quot;boxed&quot;}\">\n\t\t\t\t\t<div class=\"e-con-inner\">\n\t\t\t\t<div class=\"elementor-element elementor-element-679fa81 elementor-widget__width-inherit elementor-widget-mobile__width-inherit elementor-widget elementor-widget-text-editor\" data-id=\"679fa81\" data-element_type=\"widget\" data-widget_type=\"text-editor.default\">\n\t\t\t\t<div class=\"elementor-widget-container\">\n\t\t\t<style>\/*! elementor - v3.15.0 - 20-08-2023 *\/\n.elementor-widget-text-editor.elementor-drop-cap-view-stacked .elementor-drop-cap{background-color:#69727d;color:#fff}.elementor-widget-text-editor.elementor-drop-cap-view-framed .elementor-drop-cap{color:#69727d;border:3px solid;background-color:transparent}.elementor-widget-text-editor:not(.elementor-drop-cap-view-default) .elementor-drop-cap{margin-top:8px}.elementor-widget-text-editor:not(.elementor-drop-cap-view-default) .elementor-drop-cap-letter{width:1em;height:1em}.elementor-widget-text-editor .elementor-drop-cap{float:left;text-align:center;line-height:1;font-size:50px}.elementor-widget-text-editor .elementor-drop-cap-letter{display:inline-block}<\/style>\t\t\t\t<p><b>Monitoramento de Fauna Atropelada<\/b><\/p>\t\t\t\t\t\t<\/div>\n\t\t\t\t<\/div>\n\t\t\t\t<div class=\"elementor-element elementor-element-1c889da elementor-widget__width-inherit elementor-widget-mobile__width-inherit elementor-widget elementor-widget-text-editor\" data-id=\"1c889da\" data-element_type=\"widget\" data-widget_type=\"text-editor.default\">\n\t\t\t\t<div class=\"elementor-widget-container\">\n\t\t\t\t\t\t\t<p><span style=\"font-weight: 400;\">O Monitoramento de fauna atropelada feito pelo Projeto Reconecta \u00e9 um dos primeiros diagn\u00f3stico realizado de maneira sistem\u00e1tica sobre morte de animais por atropelamentos em rodovias da Amaz\u00f4nia. S\u00e3o realizadas campanhas de monitoramento de fauna atropelada a p\u00e9 e de carro mensalmente ao longo de 375 km da BR-174, entre os munic\u00edpios de Presidente Figueiredo (Amazonas) e Rorain\u00f3polis (Roraima). <\/span><\/p>\t\t\t\t\t\t<\/div>\n\t\t\t\t<\/div>\n\t\t\t\t<div class=\"elementor-element elementor-element-6b09a85 elementor-widget elementor-widget-image\" data-id=\"6b09a85\" data-element_type=\"widget\" data-widget_type=\"image.default\">\n\t\t\t\t<div class=\"elementor-widget-container\">\n\t\t\t<style>\/*! elementor - v3.15.0 - 20-08-2023 *\/\n.elementor-widget-image{text-align:center}.elementor-widget-image a{display:inline-block}.elementor-widget-image a img[src$=\".svg\"]{width:48px}.elementor-widget-image img{vertical-align:middle;display:inline-block}<\/style>\t\t\t\t\t\t\t\t\t\t\t\t<img decoding=\"async\" width=\"4068\" height=\"2988\" src=\"https:\/\/projetoreconecta.com\/wp-content\/uploads\/2023\/05\/Area-de-estudo_Study-area-min.png\" class=\"attachment-full size-full wp-image-1347\" alt=\"\" loading=\"lazy\" srcset=\"https:\/\/projetoreconecta.com\/wp-content\/uploads\/2023\/05\/Area-de-estudo_Study-area-min.png 4068w, https:\/\/projetoreconecta.com\/wp-content\/uploads\/2023\/05\/Area-de-estudo_Study-area-min-300x220.png 300w, https:\/\/projetoreconecta.com\/wp-content\/uploads\/2023\/05\/Area-de-estudo_Study-area-min-1024x752.png 1024w, https:\/\/projetoreconecta.com\/wp-content\/uploads\/2023\/05\/Area-de-estudo_Study-area-min-768x564.png 768w, https:\/\/projetoreconecta.com\/wp-content\/uploads\/2023\/05\/Area-de-estudo_Study-area-min-1536x1128.png 1536w, https:\/\/projetoreconecta.com\/wp-content\/uploads\/2023\/05\/Area-de-estudo_Study-area-min-2048x1504.png 2048w\" sizes=\"(max-width: 4068px) 100vw, 4068px\" \/>\t\t\t\t\t\t\t\t\t\t\t\t\t\t\t<\/div>\n\t\t\t\t<\/div>\n\t\t\t\t<div class=\"elementor-element elementor-element-0fd245a elementor-widget__width-inherit elementor-widget-mobile__width-inherit elementor-widget elementor-widget-text-editor\" data-id=\"0fd245a\" data-element_type=\"widget\" data-widget_type=\"text-editor.default\">\n\t\t\t\t<div class=\"elementor-widget-container\">\n\t\t\t\t\t\t\t<p>Este trecho \u00e9 percorrido seis dias por m\u00eas, registrando todos os animais atropelados encontrados e coletando diversas informa\u00e7\u00f5es, inclusive de <a href=\"https:\/\/projetoreconecta.com\/pt-br\/about\/collectionofbiologicalsamples\/\">amostras biol\u00f3gicas<\/a>. Cada m\u00eas, amostramos 2.250 km de carro e 48 km a p\u00e9.<\/p><p>A m\u00e9dia de vertebrados atropelados neste trecho \u00e9 de 20 indiv\u00edduos\/dia. J\u00e1 foram registradas atropeladas mais de 2.500 indiv\u00edduos de 230 diferentes esp\u00e9cies em 20 campanhas de monitoramento.<\/p>\t\t\t\t\t\t<\/div>\n\t\t\t\t<\/div>\n\t\t\t\t<div class=\"elementor-element elementor-element-f9aae1b elementor-widget__width-inherit elementor-widget-mobile__width-inherit elementor-widget elementor-widget-text-editor\" data-id=\"f9aae1b\" data-element_type=\"widget\" data-widget_type=\"text-editor.default\">\n\t\t\t\t<div class=\"elementor-widget-container\">\n\t\t\t\t\t\t\tExperimento de Remo\u00e7\u00e3o de carca\u00e7as\t\t\t\t\t\t<\/div>\n\t\t\t\t<\/div>\n\t\t\t\t<div class=\"elementor-element elementor-element-1e74451 elementor-widget__width-inherit elementor-widget-mobile__width-inherit elementor-widget elementor-widget-text-editor\" data-id=\"1e74451\" data-element_type=\"widget\" data-widget_type=\"text-editor.default\">\n\t\t\t\t<div class=\"elementor-widget-container\">\n\t\t\t\t\t\t\tDurante o monitoramento de fauna atropelada, realizamos experimentos de remo\u00e7\u00e3o de carca\u00e7as para avaliarmos em quanto tempo as carca\u00e7as s\u00e3o totalmente removidas das rodovias. Isso melhorar\u00e1 as nossas estimativas de atropelamento no trecho estudado, pois o que registramos \u00e9 uma subamostra do n\u00famero real de animais que morrem ao longo da rodovia.\t\t\t\t\t\t<\/div>\n\t\t\t\t<\/div>\n\t\t\t\t\t<\/div>\n\t\t\t\t<\/div>\n\t\t<div class=\"elementor-element elementor-element-50d1d49 e-con-full e-flex e-con\" data-id=\"50d1d49\" data-element_type=\"container\" data-settings=\"{&quot;content_width&quot;:&quot;full&quot;}\">\n\t\t\t\t<div class=\"elementor-element elementor-element-4aa0899 elementor-pagination-position-inside carosel elementor-widget elementor-widget-image-carousel\" data-id=\"4aa0899\" data-element_type=\"widget\" data-settings=\"{&quot;slides_to_show&quot;:&quot;5&quot;,&quot;slides_to_scroll&quot;:&quot;1&quot;,&quot;navigation&quot;:&quot;dots&quot;,&quot;pause_on_hover&quot;:&quot;no&quot;,&quot;pause_on_interaction&quot;:&quot;no&quot;,&quot;autoplay_speed&quot;:0,&quot;speed&quot;:8000,&quot;image_spacing_custom&quot;:{&quot;unit&quot;:&quot;px&quot;,&quot;size&quot;:0,&quot;sizes&quot;:[]},&quot;autoplay&quot;:&quot;yes&quot;,&quot;infinite&quot;:&quot;yes&quot;,&quot;image_spacing_custom_tablet&quot;:{&quot;unit&quot;:&quot;px&quot;,&quot;size&quot;:&quot;&quot;,&quot;sizes&quot;:[]},&quot;image_spacing_custom_mobile&quot;:{&quot;unit&quot;:&quot;px&quot;,&quot;size&quot;:&quot;&quot;,&quot;sizes&quot;:[]}}\" data-widget_type=\"image-carousel.default\">\n\t\t\t\t<div class=\"elementor-widget-container\">\n\t\t\t<style>\/*! elementor - v3.15.0 - 20-08-2023 *\/\n.elementor-widget-image-carousel .swiper,.elementor-widget-image-carousel .swiper-container{position:static}.elementor-widget-image-carousel .swiper-container .swiper-slide figure,.elementor-widget-image-carousel .swiper .swiper-slide figure{line-height:inherit}.elementor-widget-image-carousel .swiper-slide{text-align:center}.elementor-image-carousel-wrapper:not(.swiper-container-initialized):not(.swiper-initialized) .swiper-slide{max-width:calc(100% \/ var(--e-image-carousel-slides-to-show, 3))}<\/style>\t\t<div class=\"elementor-image-carousel-wrapper swiper\" dir=\"ltr\">\n\t\t\t<div class=\"elementor-image-carousel swiper-wrapper\" aria-live=\"off\">\n\t\t\t\t\t\t\t\t<div class=\"swiper-slide\" role=\"group\" aria-roledescription=\"slide\" aria-label=\"1 of 17\"><a data-elementor-open-lightbox=\"yes\" data-elementor-lightbox-slideshow=\"4aa0899\" data-elementor-lightbox-title=\"_AAG2792-min\" data-e-action-hash=\"#elementor-action%3Aaction%3Dlightbox%26settings%3DeyJpZCI6Njg3LCJ1cmwiOiJodHRwczpcL1wvcHJvamV0b3JlY29uZWN0YS5jb21cL3dwLWNvbnRlbnRcL3VwbG9hZHNcLzIwMjNcLzA1XC9BQUcyNzkyLW1pbi5qcGciLCJzbGlkZXNob3ciOiI0YWEwODk5In0%3D\" href=\"https:\/\/projetoreconecta.com\/wp-content\/uploads\/2023\/05\/AAG2792-min.jpg\"><figure class=\"swiper-slide-inner\"><img decoding=\"async\" class=\"swiper-slide-image\" src=\"https:\/\/projetoreconecta.com\/wp-content\/uploads\/2023\/05\/AAG2792-min.jpg\" alt=\"_AAG2792-min\" \/><\/figure><\/a><\/div><div class=\"swiper-slide\" role=\"group\" aria-roledescription=\"slide\" aria-label=\"2 of 17\"><a data-elementor-open-lightbox=\"yes\" data-elementor-lightbox-slideshow=\"4aa0899\" data-elementor-lightbox-title=\"_AAG3942-min\" data-e-action-hash=\"#elementor-action%3Aaction%3Dlightbox%26settings%3DeyJpZCI6Njg4LCJ1cmwiOiJodHRwczpcL1wvcHJvamV0b3JlY29uZWN0YS5jb21cL3dwLWNvbnRlbnRcL3VwbG9hZHNcLzIwMjNcLzA1XC9BQUczOTQyLW1pbi5qcGciLCJzbGlkZXNob3ciOiI0YWEwODk5In0%3D\" href=\"https:\/\/projetoreconecta.com\/wp-content\/uploads\/2023\/05\/AAG3942-min.jpg\"><figure class=\"swiper-slide-inner\"><img decoding=\"async\" class=\"swiper-slide-image\" src=\"https:\/\/projetoreconecta.com\/wp-content\/uploads\/2023\/05\/AAG3942-min.jpg\" alt=\"_AAG3942-min\" \/><\/figure><\/a><\/div><div class=\"swiper-slide\" role=\"group\" aria-roledescription=\"slide\" aria-label=\"3 of 17\"><a data-elementor-open-lightbox=\"yes\" data-elementor-lightbox-slideshow=\"4aa0899\" data-elementor-lightbox-title=\"_AAG7485-min\" data-e-action-hash=\"#elementor-action%3Aaction%3Dlightbox%26settings%3DeyJpZCI6Njg5LCJ1cmwiOiJodHRwczpcL1wvcHJvamV0b3JlY29uZWN0YS5jb21cL3dwLWNvbnRlbnRcL3VwbG9hZHNcLzIwMjNcLzA1XC9BQUc3NDg1LW1pbi5qcGciLCJzbGlkZXNob3ciOiI0YWEwODk5In0%3D\" href=\"https:\/\/projetoreconecta.com\/wp-content\/uploads\/2023\/05\/AAG7485-min.jpg\"><figure class=\"swiper-slide-inner\"><img decoding=\"async\" class=\"swiper-slide-image\" src=\"https:\/\/projetoreconecta.com\/wp-content\/uploads\/2023\/05\/AAG7485-min.jpg\" alt=\"_AAG7485-min\" \/><\/figure><\/a><\/div><div class=\"swiper-slide\" role=\"group\" aria-roledescription=\"slide\" aria-label=\"4 of 17\"><a data-elementor-open-lightbox=\"yes\" data-elementor-lightbox-slideshow=\"4aa0899\" data-elementor-lightbox-title=\"_AAG7522-min\" data-e-action-hash=\"#elementor-action%3Aaction%3Dlightbox%26settings%3DeyJpZCI6NjkwLCJ1cmwiOiJodHRwczpcL1wvcHJvamV0b3JlY29uZWN0YS5jb21cL3dwLWNvbnRlbnRcL3VwbG9hZHNcLzIwMjNcLzA1XC9BQUc3NTIyLW1pbi5qcGciLCJzbGlkZXNob3ciOiI0YWEwODk5In0%3D\" href=\"https:\/\/projetoreconecta.com\/wp-content\/uploads\/2023\/05\/AAG7522-min.jpg\"><figure class=\"swiper-slide-inner\"><img decoding=\"async\" class=\"swiper-slide-image\" src=\"https:\/\/projetoreconecta.com\/wp-content\/uploads\/2023\/05\/AAG7522-min.jpg\" alt=\"_AAG7522-min\" \/><\/figure><\/a><\/div><div class=\"swiper-slide\" role=\"group\" aria-roledescription=\"slide\" aria-label=\"5 of 17\"><a data-elementor-open-lightbox=\"yes\" data-elementor-lightbox-slideshow=\"4aa0899\" data-elementor-lightbox-title=\"_AAG9296-min\" data-e-action-hash=\"#elementor-action%3Aaction%3Dlightbox%26settings%3DeyJpZCI6NjkxLCJ1cmwiOiJodHRwczpcL1wvcHJvamV0b3JlY29uZWN0YS5jb21cL3dwLWNvbnRlbnRcL3VwbG9hZHNcLzIwMjNcLzA1XC9BQUc5Mjk2LW1pbi5qcGciLCJzbGlkZXNob3ciOiI0YWEwODk5In0%3D\" href=\"https:\/\/projetoreconecta.com\/wp-content\/uploads\/2023\/05\/AAG9296-min.jpg\"><figure class=\"swiper-slide-inner\"><img decoding=\"async\" class=\"swiper-slide-image\" src=\"https:\/\/projetoreconecta.com\/wp-content\/uploads\/2023\/05\/AAG9296-min.jpg\" alt=\"_AAG9296-min\" \/><\/figure><\/a><\/div><div class=\"swiper-slide\" role=\"group\" aria-roledescription=\"slide\" aria-label=\"6 of 17\"><a data-elementor-open-lightbox=\"yes\" data-elementor-lightbox-slideshow=\"4aa0899\" data-elementor-lightbox-title=\"_AAG9451-min\" data-e-action-hash=\"#elementor-action%3Aaction%3Dlightbox%26settings%3DeyJpZCI6NjkyLCJ1cmwiOiJodHRwczpcL1wvcHJvamV0b3JlY29uZWN0YS5jb21cL3dwLWNvbnRlbnRcL3VwbG9hZHNcLzIwMjNcLzA1XC9BQUc5NDUxLW1pbi5qcGciLCJzbGlkZXNob3ciOiI0YWEwODk5In0%3D\" href=\"https:\/\/projetoreconecta.com\/wp-content\/uploads\/2023\/05\/AAG9451-min.jpg\"><figure class=\"swiper-slide-inner\"><img decoding=\"async\" class=\"swiper-slide-image\" src=\"https:\/\/projetoreconecta.com\/wp-content\/uploads\/2023\/05\/AAG9451-min.jpg\" alt=\"_AAG9451-min\" \/><\/figure><\/a><\/div><div class=\"swiper-slide\" role=\"group\" aria-roledescription=\"slide\" aria-label=\"7 of 17\"><a data-elementor-open-lightbox=\"yes\" data-elementor-lightbox-slideshow=\"4aa0899\" data-elementor-lightbox-title=\"_AAG9465-min\" data-e-action-hash=\"#elementor-action%3Aaction%3Dlightbox%26settings%3DeyJpZCI6NjkzLCJ1cmwiOiJodHRwczpcL1wvcHJvamV0b3JlY29uZWN0YS5jb21cL3dwLWNvbnRlbnRcL3VwbG9hZHNcLzIwMjNcLzA1XC9BQUc5NDY1LW1pbi5qcGciLCJzbGlkZXNob3ciOiI0YWEwODk5In0%3D\" href=\"https:\/\/projetoreconecta.com\/wp-content\/uploads\/2023\/05\/AAG9465-min.jpg\"><figure class=\"swiper-slide-inner\"><img decoding=\"async\" class=\"swiper-slide-image\" src=\"https:\/\/projetoreconecta.com\/wp-content\/uploads\/2023\/05\/AAG9465-min.jpg\" alt=\"_AAG9465-min\" \/><\/figure><\/a><\/div><div class=\"swiper-slide\" role=\"group\" aria-roledescription=\"slide\" aria-label=\"8 of 17\"><a data-elementor-open-lightbox=\"yes\" data-elementor-lightbox-slideshow=\"4aa0899\" data-elementor-lightbox-title=\"Coral-verdadeira_Black headed Coral Snake (Micrurus averyi)-min\" data-e-action-hash=\"#elementor-action%3Aaction%3Dlightbox%26settings%3DeyJpZCI6Njk0LCJ1cmwiOiJodHRwczpcL1wvcHJvamV0b3JlY29uZWN0YS5jb21cL3dwLWNvbnRlbnRcL3VwbG9hZHNcLzIwMjNcLzA1XC9Db3JhbC12ZXJkYWRlaXJhX0JsYWNrLWhlYWRlZC1Db3JhbC1TbmFrZS1NaWNydXJ1cy1hdmVyeWktbWluLmpwZyIsInNsaWRlc2hvdyI6IjRhYTA4OTkifQ%3D%3D\" href=\"https:\/\/projetoreconecta.com\/wp-content\/uploads\/2023\/05\/Coral-verdadeira_Black-headed-Coral-Snake-Micrurus-averyi-min.jpg\"><figure class=\"swiper-slide-inner\"><img decoding=\"async\" class=\"swiper-slide-image\" src=\"https:\/\/projetoreconecta.com\/wp-content\/uploads\/2023\/05\/Coral-verdadeira_Black-headed-Coral-Snake-Micrurus-averyi-min.jpg\" alt=\"Coral-verdadeira_Black headed Coral Snake (Micrurus averyi)-min\" \/><\/figure><\/a><\/div><div class=\"swiper-slide\" role=\"group\" aria-roledescription=\"slide\" aria-label=\"9 of 17\"><a data-elementor-open-lightbox=\"yes\" data-elementor-lightbox-slideshow=\"4aa0899\" data-elementor-lightbox-title=\"Fer_Southern tamandua_Tamandua tetradactyla-min\" data-e-action-hash=\"#elementor-action%3Aaction%3Dlightbox%26settings%3DeyJpZCI6Njk1LCJ1cmwiOiJodHRwczpcL1wvcHJvamV0b3JlY29uZWN0YS5jb21cL3dwLWNvbnRlbnRcL3VwbG9hZHNcLzIwMjNcLzA1XC9GZXJfU291dGhlcm4tdGFtYW5kdWFfVGFtYW5kdWEtdGV0cmFkYWN0eWxhLW1pbi5qcGciLCJzbGlkZXNob3ciOiI0YWEwODk5In0%3D\" href=\"https:\/\/projetoreconecta.com\/wp-content\/uploads\/2023\/05\/Fer_Southern-tamandua_Tamandua-tetradactyla-min.jpg\"><figure class=\"swiper-slide-inner\"><img decoding=\"async\" class=\"swiper-slide-image\" src=\"https:\/\/projetoreconecta.com\/wp-content\/uploads\/2023\/05\/Fer_Southern-tamandua_Tamandua-tetradactyla-min.jpg\" alt=\"Fer_Southern tamandua_Tamandua tetradactyla-min\" \/><\/figure><\/a><\/div><div class=\"swiper-slide\" role=\"group\" aria-roledescription=\"slide\" aria-label=\"10 of 17\"><a data-elementor-open-lightbox=\"yes\" data-elementor-lightbox-slideshow=\"4aa0899\" data-elementor-lightbox-title=\"Green snake_Oxybelis fulgidus-min\" data-e-action-hash=\"#elementor-action%3Aaction%3Dlightbox%26settings%3DeyJpZCI6Njk2LCJ1cmwiOiJodHRwczpcL1wvcHJvamV0b3JlY29uZWN0YS5jb21cL3dwLWNvbnRlbnRcL3VwbG9hZHNcLzIwMjNcLzA1XC9HcmVlbi1zbmFrZV9PeHliZWxpcy1mdWxnaWR1cy1taW4uanBnIiwic2xpZGVzaG93IjoiNGFhMDg5OSJ9\" href=\"https:\/\/projetoreconecta.com\/wp-content\/uploads\/2023\/05\/Green-snake_Oxybelis-fulgidus-min.jpg\"><figure class=\"swiper-slide-inner\"><img decoding=\"async\" class=\"swiper-slide-image\" src=\"https:\/\/projetoreconecta.com\/wp-content\/uploads\/2023\/05\/Green-snake_Oxybelis-fulgidus-min.jpg\" alt=\"Green snake_Oxybelis fulgidus-min\" \/><\/figure><\/a><\/div><div class=\"swiper-slide\" role=\"group\" aria-roledescription=\"slide\" aria-label=\"11 of 17\"><a data-elementor-open-lightbox=\"yes\" data-elementor-lightbox-slideshow=\"4aa0899\" data-elementor-lightbox-title=\"Iguana_Green Iguana (Iguana iguana)-min\" data-e-action-hash=\"#elementor-action%3Aaction%3Dlightbox%26settings%3DeyJpZCI6Njk3LCJ1cmwiOiJodHRwczpcL1wvcHJvamV0b3JlY29uZWN0YS5jb21cL3dwLWNvbnRlbnRcL3VwbG9hZHNcLzIwMjNcLzA1XC9JZ3VhbmFfR3JlZW4tSWd1YW5hLUlndWFuYS1pZ3VhbmEtbWluLmpwZyIsInNsaWRlc2hvdyI6IjRhYTA4OTkifQ%3D%3D\" href=\"https:\/\/projetoreconecta.com\/wp-content\/uploads\/2023\/05\/Iguana_Green-Iguana-Iguana-iguana-min.jpg\"><figure class=\"swiper-slide-inner\"><img decoding=\"async\" class=\"swiper-slide-image\" src=\"https:\/\/projetoreconecta.com\/wp-content\/uploads\/2023\/05\/Iguana_Green-Iguana-Iguana-iguana-min.jpg\" alt=\"Iguana_Green Iguana (Iguana iguana)-min\" \/><\/figure><\/a><\/div><div class=\"swiper-slide\" role=\"group\" aria-roledescription=\"slide\" aria-label=\"12 of 17\"><a data-elementor-open-lightbox=\"yes\" data-elementor-lightbox-slideshow=\"4aa0899\" data-elementor-lightbox-title=\"Jaguatirica_Ocelot (Lepardus pardalis)-min\" data-e-action-hash=\"#elementor-action%3Aaction%3Dlightbox%26settings%3DeyJpZCI6Njk4LCJ1cmwiOiJodHRwczpcL1wvcHJvamV0b3JlY29uZWN0YS5jb21cL3dwLWNvbnRlbnRcL3VwbG9hZHNcLzIwMjNcLzA1XC9KYWd1YXRpcmljYV9PY2Vsb3QtTGVwYXJkdXMtcGFyZGFsaXMtbWluLmpwZyIsInNsaWRlc2hvdyI6IjRhYTA4OTkifQ%3D%3D\" href=\"https:\/\/projetoreconecta.com\/wp-content\/uploads\/2023\/05\/Jaguatirica_Ocelot-Lepardus-pardalis-min.jpg\"><figure class=\"swiper-slide-inner\"><img decoding=\"async\" class=\"swiper-slide-image\" src=\"https:\/\/projetoreconecta.com\/wp-content\/uploads\/2023\/05\/Jaguatirica_Ocelot-Lepardus-pardalis-min.jpg\" alt=\"Jaguatirica_Ocelot (Lepardus pardalis)-min\" \/><\/figure><\/a><\/div><div class=\"swiper-slide\" role=\"group\" aria-roledescription=\"slide\" aria-label=\"13 of 17\"><a data-elementor-open-lightbox=\"yes\" data-elementor-lightbox-slideshow=\"4aa0899\" data-elementor-lightbox-title=\"Mico-de-cheiro_Squirrel monkey (Saimiri sciureus)-min\" data-e-action-hash=\"#elementor-action%3Aaction%3Dlightbox%26settings%3DeyJpZCI6Njk5LCJ1cmwiOiJodHRwczpcL1wvcHJvamV0b3JlY29uZWN0YS5jb21cL3dwLWNvbnRlbnRcL3VwbG9hZHNcLzIwMjNcLzA1XC9NaWNvLWRlLWNoZWlyb19TcXVpcnJlbC1tb25rZXktU2FpbWlyaS1zY2l1cmV1cy1taW4uanBnIiwic2xpZGVzaG93IjoiNGFhMDg5OSJ9\" href=\"https:\/\/projetoreconecta.com\/wp-content\/uploads\/2023\/05\/Mico-de-cheiro_Squirrel-monkey-Saimiri-sciureus-min.jpg\"><figure class=\"swiper-slide-inner\"><img decoding=\"async\" class=\"swiper-slide-image\" src=\"https:\/\/projetoreconecta.com\/wp-content\/uploads\/2023\/05\/Mico-de-cheiro_Squirrel-monkey-Saimiri-sciureus-min.jpg\" alt=\"Mico-de-cheiro_Squirrel monkey (Saimiri sciureus)-min\" \/><\/figure><\/a><\/div><div class=\"swiper-slide\" role=\"group\" aria-roledescription=\"slide\" aria-label=\"14 of 17\"><a data-elementor-open-lightbox=\"yes\" data-elementor-lightbox-slideshow=\"4aa0899\" data-elementor-lightbox-title=\"Morcego-bat-min\" data-e-action-hash=\"#elementor-action%3Aaction%3Dlightbox%26settings%3DeyJpZCI6NzAwLCJ1cmwiOiJodHRwczpcL1wvcHJvamV0b3JlY29uZWN0YS5jb21cL3dwLWNvbnRlbnRcL3VwbG9hZHNcLzIwMjNcLzA1XC9Nb3JjZWdvLWJhdC1taW4uanBnIiwic2xpZGVzaG93IjoiNGFhMDg5OSJ9\" href=\"https:\/\/projetoreconecta.com\/wp-content\/uploads\/2023\/05\/Morcego-bat-min.jpg\"><figure class=\"swiper-slide-inner\"><img decoding=\"async\" class=\"swiper-slide-image\" src=\"https:\/\/projetoreconecta.com\/wp-content\/uploads\/2023\/05\/Morcego-bat-min.jpg\" alt=\"Morcego-bat-min\" \/><\/figure><\/a><\/div><div class=\"swiper-slide\" role=\"group\" aria-roledescription=\"slide\" aria-label=\"15 of 17\"><a data-elementor-open-lightbox=\"yes\" data-elementor-lightbox-slideshow=\"4aa0899\" data-elementor-lightbox-title=\"Perereca_Demerara Falls Treefrog (Boana cinerascens)-min\" data-e-action-hash=\"#elementor-action%3Aaction%3Dlightbox%26settings%3DeyJpZCI6NzAxLCJ1cmwiOiJodHRwczpcL1wvcHJvamV0b3JlY29uZWN0YS5jb21cL3dwLWNvbnRlbnRcL3VwbG9hZHNcLzIwMjNcLzA1XC9QZXJlcmVjYV9EZW1lcmFyYS1GYWxscy1UcmVlZnJvZy1Cb2FuYS1jaW5lcmFzY2Vucy1taW4uanBnIiwic2xpZGVzaG93IjoiNGFhMDg5OSJ9\" href=\"https:\/\/projetoreconecta.com\/wp-content\/uploads\/2023\/05\/Perereca_Demerara-Falls-Treefrog-Boana-cinerascens-min.jpg\"><figure class=\"swiper-slide-inner\"><img decoding=\"async\" class=\"swiper-slide-image\" src=\"https:\/\/projetoreconecta.com\/wp-content\/uploads\/2023\/05\/Perereca_Demerara-Falls-Treefrog-Boana-cinerascens-min.jpg\" alt=\"Perereca_Demerara Falls Treefrog (Boana cinerascens)-min\" \/><\/figure><\/a><\/div><div class=\"swiper-slide\" role=\"group\" aria-roledescription=\"slide\" aria-label=\"16 of 17\"><a data-elementor-open-lightbox=\"yes\" data-elementor-lightbox-slideshow=\"4aa0899\" data-elementor-lightbox-title=\"Sauim-da-m\u00e3o-dourada_Golden handed tamarin (Saguinus midas)-min\" data-e-action-hash=\"#elementor-action%3Aaction%3Dlightbox%26settings%3DeyJpZCI6NzAyLCJ1cmwiOiJodHRwczpcL1wvcHJvamV0b3JlY29uZWN0YS5jb21cL3dwLWNvbnRlbnRcL3VwbG9hZHNcLzIwMjNcLzA1XC9TYXVpbS1kYS1tYW8tZG91cmFkYV9Hb2xkZW4taGFuZGVkLXRhbWFyaW4tU2FndWludXMtbWlkYXMtbWluLmpwZyIsInNsaWRlc2hvdyI6IjRhYTA4OTkifQ%3D%3D\" href=\"https:\/\/projetoreconecta.com\/wp-content\/uploads\/2023\/05\/Sauim-da-mao-dourada_Golden-handed-tamarin-Saguinus-midas-min.jpg\"><figure class=\"swiper-slide-inner\"><img decoding=\"async\" class=\"swiper-slide-image\" src=\"https:\/\/projetoreconecta.com\/wp-content\/uploads\/2023\/05\/Sauim-da-mao-dourada_Golden-handed-tamarin-Saguinus-midas-min.jpg\" alt=\"Sauim-da-m\u00e3o-dourada_Golden handed tamarin (Saguinus midas)-min\" \/><\/figure><\/a><\/div><div class=\"swiper-slide\" role=\"group\" aria-roledescription=\"slide\" aria-label=\"17 of 17\"><a data-elementor-open-lightbox=\"yes\" data-elementor-lightbox-slideshow=\"4aa0899\" data-elementor-lightbox-title=\"Tamandua\u00ed_Silky anteater (Cyclopes sp.)-min\" data-e-action-hash=\"#elementor-action%3Aaction%3Dlightbox%26settings%3DeyJpZCI6NzAzLCJ1cmwiOiJodHRwczpcL1wvcHJvamV0b3JlY29uZWN0YS5jb21cL3dwLWNvbnRlbnRcL3VwbG9hZHNcLzIwMjNcLzA1XC9UYW1hbmR1YWlfU2lsa3ktYW50ZWF0ZXItQ3ljbG9wZXMtc3AuLW1pbi5qcGciLCJzbGlkZXNob3ciOiI0YWEwODk5In0%3D\" href=\"https:\/\/projetoreconecta.com\/wp-content\/uploads\/2023\/05\/Tamanduai_Silky-anteater-Cyclopes-sp.-min.jpg\"><figure class=\"swiper-slide-inner\"><img decoding=\"async\" class=\"swiper-slide-image\" src=\"https:\/\/projetoreconecta.com\/wp-content\/uploads\/2023\/05\/Tamanduai_Silky-anteater-Cyclopes-sp.-min.jpg\" alt=\"Tamandua\u00ed_Silky anteater (Cyclopes sp.)-min\" \/><\/figure><\/a><\/div>\t\t\t<\/div>\n\t\t\t\t\t\t\t\n\t\t\t\t\t\t\t\t\t<div class=\"swiper-pagination\"><\/div>\n\t\t\t\t\t\t\t\t\t<\/div>\n\t\t\t\t<\/div>\n\t\t\t\t<\/div>\n\t\t\t\t<\/div>\n\t\t\t\t\t\t\t<\/div>\n\t\t","protected":false},"excerpt":{"rendered":"<p>Monitoramento de Fauna Atropelada O Monitoramento de fauna atropelada feito pelo Projeto Reconecta \u00e9 um dos primeiros diagn\u00f3stico realizado de maneira sistem\u00e1tica sobre morte de animais por atropelamentos em rodovias da Amaz\u00f4nia. S\u00e3o realizadas campanhas de monitoramento de fauna atropelada a p\u00e9 e de carro mensalmente ao longo de 375 km da BR-174, entre os [&hellip;]<\/p>\n","protected":false},"author":1,"featured_media":0,"parent":1285,"menu_order":0,"comment_status":"closed","ping_status":"closed","template":"","meta":[],"_links":{"self":[{"href":"https:\/\/projetoreconecta.com\/pt-br\/wp-json\/wp\/v2\/pages\/1344"}],"collection":[{"href":"https:\/\/projetoreconecta.com\/pt-br\/wp-json\/wp\/v2\/pages"}],"about":[{"href":"https:\/\/projetoreconecta.com\/pt-br\/wp-json\/wp\/v2\/types\/page"}],"author":[{"embeddable":true,"href":"https:\/\/projetoreconecta.com\/pt-br\/wp-json\/wp\/v2\/users\/1"}],"replies":[{"embeddable":true,"href":"https:\/\/projetoreconecta.com\/pt-br\/wp-json\/wp\/v2\/comments?post=1344"}],"version-history":[{"count":3,"href":"https:\/\/projetoreconecta.com\/pt-br\/wp-json\/wp\/v2\/pages\/1344\/revisions"}],"predecessor-version":[{"id":1351,"href":"https:\/\/projetoreconecta.com\/pt-br\/wp-json\/wp\/v2\/pages\/1344\/revisions\/1351"}],"up":[{"embeddable":true,"href":"https:\/\/projetoreconecta.com\/pt-br\/wp-json\/wp\/v2\/pages\/1285"}],"wp:attachment":[{"href":"https:\/\/projetoreconecta.com\/pt-br\/wp-json\/wp\/v2\/media?parent=1344"}],"curies":[{"name":"wp","href":"https:\/\/api.w.org\/{rel}","templated":true}]}}